{"id":4292,"date":"2026-02-02T17:20:27","date_gmt":"2026-02-02T17:20:27","guid":{"rendered":"https:\/\/eu.addevmaterials-aero.com\/?post_type=product&#038;p=4292"},"modified":"2026-03-02T19:34:10","modified_gmt":"2026-03-02T19:34:10","slug":"3m-301e-industriele-afplaktape","status":"publish","type":"product","link":"https:\/\/eu.addevmaterials-aero.com\/nl\/product\/3m-301e-performance-industrial-masking-tape\/","title":{"rendered":"3M 301E Performance Industri\u00eble Afplakband"},"content":{"rendered":"<p>3M\u2122 Performance Industrial Masking Tape 301E is een dikke cr\u00eapepapier tape voor industri\u00eble toepassingen met een goede waterbestendigheid. Ideaal voor bijsnijden, bundelen, industri\u00eble toepassingen, bevestigen, markeren en beschermen op verschillende manieren. De temperatuurprestaties van dit product maken zowel luchtdroging als ovendroging van verf mogelijk bij temperaturen tot maximaal 100\u00b0C voor een duur van 1 uur. Het heeft een zeemkleur, een rubberen kleeflaag en een dikte van 0,150 mm.<\/p>","protected":false},"excerpt":{"rendered":"<p>Een dikke cr\u00eapepapieren tape voor industri\u00eble toepassingen met goede waterbestendigheid<\/p>","protected":false},"featured_media":3488,"comment_status":"open","ping_status":"closed","template":"","meta":{"_acf_changed":false},"product_brand":[24],"product_cat":[36],"product_tag":[],"class_list":{"0":"post-4292","1":"product","2":"type-product","3":"status-publish","4":"has-post-thumbnail","6":"product_brand-3m","7":"product_cat-tapes","8":"pa_colour-beige","9":"pa_size-18mm-x-50m","10":"pa_size-24mm-x-50m","11":"pa_size-48mm-x-50m","13":"first","14":"instock","15":"shipping-taxable","16":"product-type-simple"},"acf":[],"_links":{"self":[{"href":"https:\/\/eu.addevmaterials-aero.com\/nl\/wp-json\/wp\/v2\/product\/4292","targetHints":{"allow":["GET"]}}],"collection":[{"href":"https:\/\/eu.addevmaterials-aero.com\/nl\/wp-json\/wp\/v2\/product"}],"about":[{"href":"https:\/\/eu.addevmaterials-aero.com\/nl\/wp-json\/wp\/v2\/types\/product"}],"replies":[{"embeddable":true,"href":"https:\/\/eu.addevmaterials-aero.com\/nl\/wp-json\/wp\/v2\/comments?post=4292"}],"wp:featuredmedia":[{"embeddable":true,"href":"https:\/\/eu.addevmaterials-aero.com\/nl\/wp-json\/wp\/v2\/media\/3488"}],"wp:attachment":[{"href":"https:\/\/eu.addevmaterials-aero.com\/nl\/wp-json\/wp\/v2\/media?parent=4292"}],"wp:term":[{"taxonomy":"product_brand","embeddable":true,"href":"https:\/\/eu.addevmaterials-aero.com\/nl\/wp-json\/wp\/v2\/product_brand?post=4292"},{"taxonomy":"product_cat","embeddable":true,"href":"https:\/\/eu.addevmaterials-aero.com\/nl\/wp-json\/wp\/v2\/product_cat?post=4292"},{"taxonomy":"product_tag","embeddable":true,"href":"https:\/\/eu.addevmaterials-aero.com\/nl\/wp-json\/wp\/v2\/product_tag?post=4292"}],"curies":[{"name":"wp","href":"https:\/\/api.w.org\/{rel}","templated":true}]}}