{"id":5653,"date":"2026-04-28T09:23:56","date_gmt":"2026-04-28T09:23:56","guid":{"rendered":"https:\/\/eu.addevmaterials-aero.com\/?post_type=product&#038;p=5653"},"modified":"2026-04-29T22:03:57","modified_gmt":"2026-04-29T22:03:57","slug":"revetement-superieur-en-polyurethane-ppg-ca40000-5690","status":"publish","type":"product","link":"https:\/\/eu.addevmaterials-aero.com\/fr\/product\/ppg-ca40000-5690-polyurethane-topcoat\/","title":{"rendered":"PPG CA40000 5690 Vernis polyur\u00e9thane"},"content":{"rendered":"","protected":false},"excerpt":{"rendered":"<p>Un rev\u00eatement pour avions haute performance offrant une r\u00e9sistance sup\u00e9rieure aux UV et aux produits chimiques, une flexibilit\u00e9 exceptionnelle et un lustre durable. Id\u00e9al pour les surfaces ext\u00e9rieures, il assure des finitions professionnelles et durables pour la maintenance, la r\u00e9novation et les applications de peinture s\u00e9lectives.<\/p>","protected":false},"featured_media":5738,"comment_status":"open","ping_status":"closed","template":"","meta":{"_acf_changed":false},"product_brand":[23],"product_cat":[1000],"product_tag":[],"class_list":{"0":"post-5653","1":"product","2":"type-product","3":"status-publish","4":"has-post-thumbnail","6":"product_brand-ppg","7":"product_cat-topcoat","8":"pa_colour-black","9":"pa_colour-blue","10":"pa_colour-gold","11":"pa_colour-grey","12":"pa_colour-red","13":"pa_colour-white","14":"pa_size-5l","16":"first","17":"instock","18":"shipping-taxable","19":"product-type-simple"},"acf":[],"_links":{"self":[{"href":"https:\/\/eu.addevmaterials-aero.com\/fr\/wp-json\/wp\/v2\/product\/5653","targetHints":{"allow":["GET"]}}],"collection":[{"href":"https:\/\/eu.addevmaterials-aero.com\/fr\/wp-json\/wp\/v2\/product"}],"about":[{"href":"https:\/\/eu.addevmaterials-aero.com\/fr\/wp-json\/wp\/v2\/types\/product"}],"replies":[{"embeddable":true,"href":"https:\/\/eu.addevmaterials-aero.com\/fr\/wp-json\/wp\/v2\/comments?post=5653"}],"wp:featuredmedia":[{"embeddable":true,"href":"https:\/\/eu.addevmaterials-aero.com\/fr\/wp-json\/wp\/v2\/media\/5738"}],"wp:attachment":[{"href":"https:\/\/eu.addevmaterials-aero.com\/fr\/wp-json\/wp\/v2\/media?parent=5653"}],"wp:term":[{"taxonomy":"product_brand","embeddable":true,"href":"https:\/\/eu.addevmaterials-aero.com\/fr\/wp-json\/wp\/v2\/product_brand?post=5653"},{"taxonomy":"product_cat","embeddable":true,"href":"https:\/\/eu.addevmaterials-aero.com\/fr\/wp-json\/wp\/v2\/product_cat?post=5653"},{"taxonomy":"product_tag","embeddable":true,"href":"https:\/\/eu.addevmaterials-aero.com\/fr\/wp-json\/wp\/v2\/product_tag?post=5653"}],"curies":[{"name":"wp","href":"https:\/\/api.w.org\/{rel}","templated":true}]}}