{"id":5643,"date":"2026-04-28T09:23:54","date_gmt":"2026-04-28T09:23:54","guid":{"rendered":"https:\/\/eu.addevmaterials-aero.com\/?post_type=product&#038;p=5643"},"modified":"2026-04-29T21:56:43","modified_gmt":"2026-04-29T21:56:43","slug":"ppg-activateur-143-2","status":"publish","type":"product","link":"https:\/\/eu.addevmaterials-aero.com\/fr\/product\/ppg-act143-activator-2\/","title":{"rendered":"PPG ACT143 Activateur"},"content":{"rendered":"","protected":false},"excerpt":{"rendered":"<p>Activateur \u00e0 utiliser avec l'appr\u00eat PPG PR143 pour cr\u00e9er un appr\u00eat \u00e9poxy chromat\u00e9 \u00e0 deux composants, \u00e0 s\u00e9chage \u00e0 temp\u00e9rature ambiante, con\u00e7u pour la protection int\u00e9rieure et ext\u00e9rieure des a\u00e9ronefs.<\/p>","protected":false},"featured_media":5727,"comment_status":"open","ping_status":"closed","template":"","meta":{"_acf_changed":false},"product_brand":[23],"product_cat":[993],"product_tag":[],"class_list":{"0":"post-5643","1":"product","2":"type-product","3":"status-publish","4":"has-post-thumbnail","6":"product_brand-ppg","7":"product_cat-activator-thinner-hardener","8":"pa_size-2-5l","9":"pa_size-5l","11":"first","12":"instock","13":"shipping-taxable","14":"product-type-simple"},"acf":[],"_links":{"self":[{"href":"https:\/\/eu.addevmaterials-aero.com\/fr\/wp-json\/wp\/v2\/product\/5643","targetHints":{"allow":["GET"]}}],"collection":[{"href":"https:\/\/eu.addevmaterials-aero.com\/fr\/wp-json\/wp\/v2\/product"}],"about":[{"href":"https:\/\/eu.addevmaterials-aero.com\/fr\/wp-json\/wp\/v2\/types\/product"}],"replies":[{"embeddable":true,"href":"https:\/\/eu.addevmaterials-aero.com\/fr\/wp-json\/wp\/v2\/comments?post=5643"}],"wp:featuredmedia":[{"embeddable":true,"href":"https:\/\/eu.addevmaterials-aero.com\/fr\/wp-json\/wp\/v2\/media\/5727"}],"wp:attachment":[{"href":"https:\/\/eu.addevmaterials-aero.com\/fr\/wp-json\/wp\/v2\/media?parent=5643"}],"wp:term":[{"taxonomy":"product_brand","embeddable":true,"href":"https:\/\/eu.addevmaterials-aero.com\/fr\/wp-json\/wp\/v2\/product_brand?post=5643"},{"taxonomy":"product_cat","embeddable":true,"href":"https:\/\/eu.addevmaterials-aero.com\/fr\/wp-json\/wp\/v2\/product_cat?post=5643"},{"taxonomy":"product_tag","embeddable":true,"href":"https:\/\/eu.addevmaterials-aero.com\/fr\/wp-json\/wp\/v2\/product_tag?post=5643"}],"curies":[{"name":"wp","href":"https:\/\/api.w.org\/{rel}","templated":true}]}}