{"id":5633,"date":"2026-04-28T09:23:52","date_gmt":"2026-04-28T09:23:52","guid":{"rendered":"https:\/\/eu.addevmaterials-aero.com\/?post_type=product&#038;p=5633"},"modified":"2026-04-29T21:42:19","modified_gmt":"2026-04-29T21:42:19","slug":"dowsil-93-500-encapsulant-thixotrope-de-qualite-spatiale","status":"publish","type":"product","link":"https:\/\/eu.addevmaterials-aero.com\/fr\/product\/dowsil-93-500-thixotropic-space-grade-encapsulant\/","title":{"rendered":"Dowsil 93-500 Encapsulant Thixotropique de Qualit\u00e9 Spatiale"},"content":{"rendered":"","protected":false},"excerpt":{"rendered":"<p>Un \u00e9lastom\u00e8re silicone transparent et bi-composant, con\u00e7u pour des applications a\u00e9rospatiales, y compris l'\u00e9tanch\u00e9it\u00e9 de capteurs optiques, l'encapsulation\/le scellage de composants \u00e9lectroniques et le collage de cellules solaires sur des substrats.<\/p>","protected":false},"featured_media":5712,"comment_status":"open","ping_status":"closed","template":"","meta":{"_acf_changed":false},"product_brand":[1002],"product_cat":[46],"product_tag":[],"class_list":{"0":"post-5633","1":"product","2":"type-product","3":"status-publish","4":"has-post-thumbnail","6":"product_brand-dow","7":"product_cat-resins","8":"pa_size-110g","9":"pa_size-500ml","11":"first","12":"instock","13":"shipping-taxable","14":"product-type-simple"},"acf":[],"_links":{"self":[{"href":"https:\/\/eu.addevmaterials-aero.com\/fr\/wp-json\/wp\/v2\/product\/5633","targetHints":{"allow":["GET"]}}],"collection":[{"href":"https:\/\/eu.addevmaterials-aero.com\/fr\/wp-json\/wp\/v2\/product"}],"about":[{"href":"https:\/\/eu.addevmaterials-aero.com\/fr\/wp-json\/wp\/v2\/types\/product"}],"replies":[{"embeddable":true,"href":"https:\/\/eu.addevmaterials-aero.com\/fr\/wp-json\/wp\/v2\/comments?post=5633"}],"wp:featuredmedia":[{"embeddable":true,"href":"https:\/\/eu.addevmaterials-aero.com\/fr\/wp-json\/wp\/v2\/media\/5712"}],"wp:attachment":[{"href":"https:\/\/eu.addevmaterials-aero.com\/fr\/wp-json\/wp\/v2\/media?parent=5633"}],"wp:term":[{"taxonomy":"product_brand","embeddable":true,"href":"https:\/\/eu.addevmaterials-aero.com\/fr\/wp-json\/wp\/v2\/product_brand?post=5633"},{"taxonomy":"product_cat","embeddable":true,"href":"https:\/\/eu.addevmaterials-aero.com\/fr\/wp-json\/wp\/v2\/product_cat?post=5633"},{"taxonomy":"product_tag","embeddable":true,"href":"https:\/\/eu.addevmaterials-aero.com\/fr\/wp-json\/wp\/v2\/product_tag?post=5633"}],"curies":[{"name":"wp","href":"https:\/\/api.w.org\/{rel}","templated":true}]}}