{"id":4491,"date":"2026-02-02T17:21:53","date_gmt":"2026-02-02T17:21:53","guid":{"rendered":"https:\/\/eu.addevmaterials-aero.com\/?post_type=product&#038;p=4491"},"modified":"2026-03-02T17:31:50","modified_gmt":"2026-03-02T17:31:50","slug":"syensqo-mtm-46","status":"publish","type":"product","link":"https:\/\/eu.addevmaterials-aero.com\/fr\/product\/syensqo-mtm-46\/","title":{"rendered":"Syensqo MTM 46"},"content":{"rendered":"","protected":false},"excerpt":{"rendered":"<p>R\u00e9sine \u00e9poxy durcie \u00e0 haute performance, durcissant \u00e0 135\u00b0C (275\u00b0F), formul\u00e9e pour la production de structures d'a\u00e9ronefs (a\u00e9ronefs FAR23 et v\u00e9hicules a\u00e9riens sans pilote (UAV)).<\/p>","protected":false},"featured_media":3574,"comment_status":"open","ping_status":"closed","template":"","meta":{"_acf_changed":false},"product_brand":[84],"product_cat":[82],"product_tag":[],"class_list":{"0":"post-4491","1":"product","2":"type-product","3":"status-publish","4":"has-post-thumbnail","6":"product_brand-syensqo","7":"product_cat-prepregs","8":"pa_size-1sqm","10":"first","11":"instock","12":"shipping-taxable","13":"product-type-simple"},"acf":[],"_links":{"self":[{"href":"https:\/\/eu.addevmaterials-aero.com\/fr\/wp-json\/wp\/v2\/product\/4491","targetHints":{"allow":["GET"]}}],"collection":[{"href":"https:\/\/eu.addevmaterials-aero.com\/fr\/wp-json\/wp\/v2\/product"}],"about":[{"href":"https:\/\/eu.addevmaterials-aero.com\/fr\/wp-json\/wp\/v2\/types\/product"}],"replies":[{"embeddable":true,"href":"https:\/\/eu.addevmaterials-aero.com\/fr\/wp-json\/wp\/v2\/comments?post=4491"}],"wp:featuredmedia":[{"embeddable":true,"href":"https:\/\/eu.addevmaterials-aero.com\/fr\/wp-json\/wp\/v2\/media\/3574"}],"wp:attachment":[{"href":"https:\/\/eu.addevmaterials-aero.com\/fr\/wp-json\/wp\/v2\/media?parent=4491"}],"wp:term":[{"taxonomy":"product_brand","embeddable":true,"href":"https:\/\/eu.addevmaterials-aero.com\/fr\/wp-json\/wp\/v2\/product_brand?post=4491"},{"taxonomy":"product_cat","embeddable":true,"href":"https:\/\/eu.addevmaterials-aero.com\/fr\/wp-json\/wp\/v2\/product_cat?post=4491"},{"taxonomy":"product_tag","embeddable":true,"href":"https:\/\/eu.addevmaterials-aero.com\/fr\/wp-json\/wp\/v2\/product_tag?post=4491"}],"curies":[{"name":"wp","href":"https:\/\/api.w.org\/{rel}","templated":true}]}}