{"id":4482,"date":"2026-02-02T17:21:52","date_gmt":"2026-02-02T17:21:52","guid":{"rendered":"https:\/\/eu.addevmaterials-aero.com\/?post_type=product&#038;p=4482"},"modified":"2026-03-02T17:31:49","modified_gmt":"2026-03-02T17:31:49","slug":"syensqo-dapco-2100","status":"publish","type":"product","link":"https:\/\/eu.addevmaterials-aero.com\/fr\/product\/syensqo-dapco-2100\/","title":{"rendered":"Syensqo DAPCO 2100"},"content":{"rendered":"","protected":false},"excerpt":{"rendered":"<p>Un mastic adh\u00e9sif sans solvant pour cloisons pare-feu, couramment utilis\u00e9 comme rev\u00eatement, mastic ou mat\u00e9riau de remplissage dans la construction, la r\u00e9paration et l'entretien de tous les types d'a\u00e9ronefs.<\/p>","protected":false},"featured_media":3572,"comment_status":"open","ping_status":"closed","template":"","meta":{"_acf_changed":false},"product_brand":[84],"product_cat":[28],"product_tag":[],"class_list":{"0":"post-4482","1":"product","2":"type-product","3":"status-publish","4":"has-post-thumbnail","6":"product_brand-syensqo","7":"product_cat-sealants","8":"pa_colour-grey","9":"pa_size-170g","10":"pa_size-2-5oz","11":"pa_size-6oz","13":"first","14":"instock","15":"shipping-taxable","16":"product-type-simple"},"acf":[],"_links":{"self":[{"href":"https:\/\/eu.addevmaterials-aero.com\/fr\/wp-json\/wp\/v2\/product\/4482","targetHints":{"allow":["GET"]}}],"collection":[{"href":"https:\/\/eu.addevmaterials-aero.com\/fr\/wp-json\/wp\/v2\/product"}],"about":[{"href":"https:\/\/eu.addevmaterials-aero.com\/fr\/wp-json\/wp\/v2\/types\/product"}],"replies":[{"embeddable":true,"href":"https:\/\/eu.addevmaterials-aero.com\/fr\/wp-json\/wp\/v2\/comments?post=4482"}],"wp:featuredmedia":[{"embeddable":true,"href":"https:\/\/eu.addevmaterials-aero.com\/fr\/wp-json\/wp\/v2\/media\/3572"}],"wp:attachment":[{"href":"https:\/\/eu.addevmaterials-aero.com\/fr\/wp-json\/wp\/v2\/media?parent=4482"}],"wp:term":[{"taxonomy":"product_brand","embeddable":true,"href":"https:\/\/eu.addevmaterials-aero.com\/fr\/wp-json\/wp\/v2\/product_brand?post=4482"},{"taxonomy":"product_cat","embeddable":true,"href":"https:\/\/eu.addevmaterials-aero.com\/fr\/wp-json\/wp\/v2\/product_cat?post=4482"},{"taxonomy":"product_tag","embeddable":true,"href":"https:\/\/eu.addevmaterials-aero.com\/fr\/wp-json\/wp\/v2\/product_tag?post=4482"}],"curies":[{"name":"wp","href":"https:\/\/api.w.org\/{rel}","templated":true}]}}