{"id":4473,"date":"2026-02-02T17:21:51","date_gmt":"2026-02-02T17:21:51","guid":{"rendered":"https:\/\/eu.addevmaterials-aero.com\/?post_type=product&#038;p=4473"},"modified":"2026-03-02T17:31:48","modified_gmt":"2026-03-02T17:31:48","slug":"ppg-pr-2001-b-1-2","status":"publish","type":"product","link":"https:\/\/eu.addevmaterials-aero.com\/fr\/product\/ppg-pr-2001-b-1-2\/","title":{"rendered":"PPG PR-2001 B-1\/2"},"content":{"rendered":"","protected":false},"excerpt":{"rendered":"<p>Compos\u00e9 de polythio\u00e9ther Permapol P-3.1 en deux parties, \u00e0 durcissement \u00e9poxydique. Il s'agit d'un produit d'\u00e9tanch\u00e9it\u00e9 \u00e0 durcissement rapide et \u00e0 faible odeur pour les r\u00e9servoirs de carburant, les fuselages et les lissages a\u00e9rodynamiques des avions, avec une large plage de temp\u00e9ratures de service.<\/p>","protected":false},"featured_media":3552,"comment_status":"open","ping_status":"closed","template":"","meta":{"_acf_changed":false},"product_brand":[23],"product_cat":[28],"product_tag":[],"class_list":{"0":"post-4473","1":"product","2":"type-product","3":"status-publish","4":"has-post-thumbnail","6":"product_brand-ppg","7":"product_cat-sealants","8":"pa_size-130ml","9":"pa_size-55ml","11":"first","12":"instock","13":"shipping-taxable","14":"product-type-simple"},"acf":[],"_links":{"self":[{"href":"https:\/\/eu.addevmaterials-aero.com\/fr\/wp-json\/wp\/v2\/product\/4473","targetHints":{"allow":["GET"]}}],"collection":[{"href":"https:\/\/eu.addevmaterials-aero.com\/fr\/wp-json\/wp\/v2\/product"}],"about":[{"href":"https:\/\/eu.addevmaterials-aero.com\/fr\/wp-json\/wp\/v2\/types\/product"}],"replies":[{"embeddable":true,"href":"https:\/\/eu.addevmaterials-aero.com\/fr\/wp-json\/wp\/v2\/comments?post=4473"}],"wp:featuredmedia":[{"embeddable":true,"href":"https:\/\/eu.addevmaterials-aero.com\/fr\/wp-json\/wp\/v2\/media\/3552"}],"wp:attachment":[{"href":"https:\/\/eu.addevmaterials-aero.com\/fr\/wp-json\/wp\/v2\/media?parent=4473"}],"wp:term":[{"taxonomy":"product_brand","embeddable":true,"href":"https:\/\/eu.addevmaterials-aero.com\/fr\/wp-json\/wp\/v2\/product_brand?post=4473"},{"taxonomy":"product_cat","embeddable":true,"href":"https:\/\/eu.addevmaterials-aero.com\/fr\/wp-json\/wp\/v2\/product_cat?post=4473"},{"taxonomy":"product_tag","embeddable":true,"href":"https:\/\/eu.addevmaterials-aero.com\/fr\/wp-json\/wp\/v2\/product_tag?post=4473"}],"curies":[{"name":"wp","href":"https:\/\/api.w.org\/{rel}","templated":true}]}}