{"id":4471,"date":"2026-02-02T17:21:50","date_gmt":"2026-02-02T17:21:50","guid":{"rendered":"https:\/\/eu.addevmaterials-aero.com\/?post_type=product&#038;p=4471"},"modified":"2026-03-02T17:31:48","modified_gmt":"2026-03-02T17:31:48","slug":"ppg-pr-1826-b-2","status":"publish","type":"product","link":"https:\/\/eu.addevmaterials-aero.com\/fr\/product\/ppg-pr-1826-b-2\/","title":{"rendered":"PPG PR-1826 B-2"},"content":{"rendered":"","protected":false},"excerpt":{"rendered":"<p>Un mastic d'\u00e9tanch\u00e9it\u00e9 bi-composant \u00e0 base de polythio\u00e9ther PERMAPOL\u00ae P-3, durci \u00e0 l'\u00e9poxy, pour les r\u00e9servoirs de carburant int\u00e9gr\u00e9s.<\/p>","protected":false},"featured_media":3565,"comment_status":"open","ping_status":"closed","template":"","meta":{"_acf_changed":false},"product_brand":[23],"product_cat":[28],"product_tag":[],"class_list":{"0":"post-4471","1":"product","2":"type-product","3":"status-publish","4":"has-post-thumbnail","6":"product_brand-ppg","7":"product_cat-sealants","8":"pa_size-100ml","9":"pa_size-55ml","11":"first","12":"instock","13":"shipping-taxable","14":"product-type-simple"},"acf":[],"_links":{"self":[{"href":"https:\/\/eu.addevmaterials-aero.com\/fr\/wp-json\/wp\/v2\/product\/4471","targetHints":{"allow":["GET"]}}],"collection":[{"href":"https:\/\/eu.addevmaterials-aero.com\/fr\/wp-json\/wp\/v2\/product"}],"about":[{"href":"https:\/\/eu.addevmaterials-aero.com\/fr\/wp-json\/wp\/v2\/types\/product"}],"replies":[{"embeddable":true,"href":"https:\/\/eu.addevmaterials-aero.com\/fr\/wp-json\/wp\/v2\/comments?post=4471"}],"wp:featuredmedia":[{"embeddable":true,"href":"https:\/\/eu.addevmaterials-aero.com\/fr\/wp-json\/wp\/v2\/media\/3565"}],"wp:attachment":[{"href":"https:\/\/eu.addevmaterials-aero.com\/fr\/wp-json\/wp\/v2\/media?parent=4471"}],"wp:term":[{"taxonomy":"product_brand","embeddable":true,"href":"https:\/\/eu.addevmaterials-aero.com\/fr\/wp-json\/wp\/v2\/product_brand?post=4471"},{"taxonomy":"product_cat","embeddable":true,"href":"https:\/\/eu.addevmaterials-aero.com\/fr\/wp-json\/wp\/v2\/product_cat?post=4471"},{"taxonomy":"product_tag","embeddable":true,"href":"https:\/\/eu.addevmaterials-aero.com\/fr\/wp-json\/wp\/v2\/product_tag?post=4471"}],"curies":[{"name":"wp","href":"https:\/\/api.w.org\/{rel}","templated":true}]}}