{"id":4433,"date":"2026-02-02T17:21:27","date_gmt":"2026-02-02T17:21:27","guid":{"rendered":"https:\/\/eu.addevmaterials-aero.com\/?post_type=product&#038;p=4433"},"modified":"2026-03-02T17:31:35","modified_gmt":"2026-03-02T17:31:35","slug":"film-pvf-oriente-dupont-tedlar","status":"publish","type":"product","link":"https:\/\/eu.addevmaterials-aero.com\/fr\/product\/dupont-tedlar-oriented-pvf-film\/","title":{"rendered":"Film PVF orient\u00e9 Dupont Tedlar"},"content":{"rendered":"","protected":false},"excerpt":{"rendered":"<p>Film en polyfluorure de vinyle (PVF) tr\u00e8s polyvalent qui permet d'obtenir une finition durable sur une grande vari\u00e9t\u00e9 de surfaces.<\/p>","protected":false},"featured_media":3543,"comment_status":"open","ping_status":"closed","template":"","meta":{"_acf_changed":false},"product_brand":[87],"product_cat":[39],"product_tag":[],"class_list":{"0":"post-4433","1":"product","2":"type-product","3":"status-publish","4":"has-post-thumbnail","6":"product_brand-dupont","7":"product_cat-films","8":"pa_colour-black","9":"pa_size-0-0125mm","10":"pa_size-0-02125mm","11":"pa_size-0-025mm","12":"pa_size-0-0375mm","13":"pa_size-0-05mm","14":"pa_size-0-1mm","15":"pa_size-119-3kg","16":"pa_size-1600mm-x-762mm","17":"pa_size-1625mm-x-640m","18":"pa_size-330mm-x-250mm","19":"pa_size-44-8kg","21":"first","22":"instock","23":"shipping-taxable","24":"product-type-simple"},"acf":[],"_links":{"self":[{"href":"https:\/\/eu.addevmaterials-aero.com\/fr\/wp-json\/wp\/v2\/product\/4433","targetHints":{"allow":["GET"]}}],"collection":[{"href":"https:\/\/eu.addevmaterials-aero.com\/fr\/wp-json\/wp\/v2\/product"}],"about":[{"href":"https:\/\/eu.addevmaterials-aero.com\/fr\/wp-json\/wp\/v2\/types\/product"}],"replies":[{"embeddable":true,"href":"https:\/\/eu.addevmaterials-aero.com\/fr\/wp-json\/wp\/v2\/comments?post=4433"}],"wp:featuredmedia":[{"embeddable":true,"href":"https:\/\/eu.addevmaterials-aero.com\/fr\/wp-json\/wp\/v2\/media\/3543"}],"wp:attachment":[{"href":"https:\/\/eu.addevmaterials-aero.com\/fr\/wp-json\/wp\/v2\/media?parent=4433"}],"wp:term":[{"taxonomy":"product_brand","embeddable":true,"href":"https:\/\/eu.addevmaterials-aero.com\/fr\/wp-json\/wp\/v2\/product_brand?post=4433"},{"taxonomy":"product_cat","embeddable":true,"href":"https:\/\/eu.addevmaterials-aero.com\/fr\/wp-json\/wp\/v2\/product_cat?post=4433"},{"taxonomy":"product_tag","embeddable":true,"href":"https:\/\/eu.addevmaterials-aero.com\/fr\/wp-json\/wp\/v2\/product_tag?post=4433"}],"curies":[{"name":"wp","href":"https:\/\/api.w.org\/{rel}","templated":true}]}}