{"id":4426,"date":"2026-02-02T17:21:26","date_gmt":"2026-02-02T17:21:26","guid":{"rendered":"https:\/\/eu.addevmaterials-aero.com\/?post_type=product&#038;p=4426"},"modified":"2026-03-02T17:31:34","modified_gmt":"2026-03-02T17:31:34","slug":"sherwin-williams-f63-series-polane-t","status":"publish","type":"product","link":"https:\/\/eu.addevmaterials-aero.com\/fr\/product\/sherwin-williams-f63-series-polane-t\/","title":{"rendered":"S\u00e9rie F63 de Sherwin-Williams (Polane T)"},"content":{"rendered":"","protected":false},"excerpt":{"rendered":"<p>Un rev\u00eatement \u00e9maill\u00e9 polyur\u00e9thane \u00e0 deux composants, peu brillant, offrant une apparence et une durabilit\u00e9 sup\u00e9rieures.<\/p>","protected":false},"featured_media":2901,"comment_status":"open","ping_status":"closed","template":"","meta":{"_acf_changed":false},"product_brand":[80],"product_cat":[29],"product_tag":[],"class_list":{"0":"post-4426","1":"product","2":"type-product","3":"status-publish","4":"has-post-thumbnail","6":"product_brand-sherwin-williams","7":"product_cat-paints-coatings","8":"pa_colour-black","9":"pa_colour-blue","10":"pa_colour-grey","11":"pa_colour-red","12":"pa_colour-silver","13":"pa_colour-white","14":"pa_colour-yellow","15":"pa_size-1usg","16":"pa_size-3-78l","17":"pa_size-3-8l","18":"pa_size-5l","20":"first","21":"instock","22":"shipping-taxable","23":"product-type-simple"},"acf":[],"_links":{"self":[{"href":"https:\/\/eu.addevmaterials-aero.com\/fr\/wp-json\/wp\/v2\/product\/4426","targetHints":{"allow":["GET"]}}],"collection":[{"href":"https:\/\/eu.addevmaterials-aero.com\/fr\/wp-json\/wp\/v2\/product"}],"about":[{"href":"https:\/\/eu.addevmaterials-aero.com\/fr\/wp-json\/wp\/v2\/types\/product"}],"replies":[{"embeddable":true,"href":"https:\/\/eu.addevmaterials-aero.com\/fr\/wp-json\/wp\/v2\/comments?post=4426"}],"wp:featuredmedia":[{"embeddable":true,"href":"https:\/\/eu.addevmaterials-aero.com\/fr\/wp-json\/wp\/v2\/media\/2901"}],"wp:attachment":[{"href":"https:\/\/eu.addevmaterials-aero.com\/fr\/wp-json\/wp\/v2\/media?parent=4426"}],"wp:term":[{"taxonomy":"product_brand","embeddable":true,"href":"https:\/\/eu.addevmaterials-aero.com\/fr\/wp-json\/wp\/v2\/product_brand?post=4426"},{"taxonomy":"product_cat","embeddable":true,"href":"https:\/\/eu.addevmaterials-aero.com\/fr\/wp-json\/wp\/v2\/product_cat?post=4426"},{"taxonomy":"product_tag","embeddable":true,"href":"https:\/\/eu.addevmaterials-aero.com\/fr\/wp-json\/wp\/v2\/product_tag?post=4426"}],"curies":[{"name":"wp","href":"https:\/\/api.w.org\/{rel}","templated":true}]}}