{"id":4425,"date":"2026-02-02T17:21:26","date_gmt":"2026-02-02T17:21:26","guid":{"rendered":"https:\/\/eu.addevmaterials-aero.com\/?post_type=product&#038;p=4425"},"modified":"2026-03-02T17:31:34","modified_gmt":"2026-03-02T17:31:34","slug":"sherwin-williams-ea65xx-polane-primer-sealer","status":"publish","type":"product","link":"https:\/\/eu.addevmaterials-aero.com\/fr\/product\/sherwin-williams-ea65xx-polane-primer-sealer\/","title":{"rendered":"Sherwin-Williams EA65XX Polane Primer-Sealer"},"content":{"rendered":"","protected":false},"excerpt":{"rendered":"<p>Rev\u00eatement polyur\u00e9thane \u00e0 deux composants, utilisable comme couche de fond sur l'acier ou comme couche de fond sur les mastics et les enduits.<\/p>","protected":false},"featured_media":3539,"comment_status":"open","ping_status":"closed","template":"","meta":{"_acf_changed":false},"product_brand":[80],"product_cat":[26],"product_tag":[],"class_list":{"0":"post-4425","1":"product","2":"type-product","3":"status-publish","4":"has-post-thumbnail","6":"product_brand-sherwin-williams","7":"product_cat-surface-treatments","8":"pa_colour-grey","9":"pa_size-1usg","10":"pa_size-3-78l","12":"first","13":"instock","14":"shipping-taxable","15":"product-type-simple"},"acf":[],"_links":{"self":[{"href":"https:\/\/eu.addevmaterials-aero.com\/fr\/wp-json\/wp\/v2\/product\/4425","targetHints":{"allow":["GET"]}}],"collection":[{"href":"https:\/\/eu.addevmaterials-aero.com\/fr\/wp-json\/wp\/v2\/product"}],"about":[{"href":"https:\/\/eu.addevmaterials-aero.com\/fr\/wp-json\/wp\/v2\/types\/product"}],"replies":[{"embeddable":true,"href":"https:\/\/eu.addevmaterials-aero.com\/fr\/wp-json\/wp\/v2\/comments?post=4425"}],"wp:featuredmedia":[{"embeddable":true,"href":"https:\/\/eu.addevmaterials-aero.com\/fr\/wp-json\/wp\/v2\/media\/3539"}],"wp:attachment":[{"href":"https:\/\/eu.addevmaterials-aero.com\/fr\/wp-json\/wp\/v2\/media?parent=4425"}],"wp:term":[{"taxonomy":"product_brand","embeddable":true,"href":"https:\/\/eu.addevmaterials-aero.com\/fr\/wp-json\/wp\/v2\/product_brand?post=4425"},{"taxonomy":"product_cat","embeddable":true,"href":"https:\/\/eu.addevmaterials-aero.com\/fr\/wp-json\/wp\/v2\/product_cat?post=4425"},{"taxonomy":"product_tag","embeddable":true,"href":"https:\/\/eu.addevmaterials-aero.com\/fr\/wp-json\/wp\/v2\/product_tag?post=4425"}],"curies":[{"name":"wp","href":"https:\/\/api.w.org\/{rel}","templated":true}]}}