{"id":4387,"date":"2026-02-02T17:21:11","date_gmt":"2026-02-02T17:21:11","guid":{"rendered":"https:\/\/eu.addevmaterials-aero.com\/?post_type=product&#038;p=4387"},"modified":"2026-03-02T17:31:24","modified_gmt":"2026-03-02T17:31:24","slug":"henkel-loctite-ea-9396","status":"publish","type":"product","link":"https:\/\/eu.addevmaterials-aero.com\/fr\/product\/henkel-loctite-ea-9396\/","title":{"rendered":"Henkel LOCTITE EA 9396"},"content":{"rendered":"","protected":false},"excerpt":{"rendered":"<p>Adh\u00e9sif \u00e9poxy syntactique \u00e0 deux composants, facile \u00e0 m\u00e9langer et pr\u00e9sentant une bonne r\u00e9sistance \u00e0 la compression \u00e0 des temp\u00e9ratures plus \u00e9lev\u00e9es.<\/p>","protected":false},"featured_media":2896,"comment_status":"open","ping_status":"closed","template":"","meta":{"_acf_changed":false},"product_brand":[60],"product_cat":[27],"product_tag":[],"class_list":{"0":"post-4387","1":"product","2":"type-product","3":"status-publish","4":"has-post-thumbnail","6":"product_brand-henkel","7":"product_cat-adhesives","8":"pa_size-0-95l","9":"pa_size-1usg","10":"pa_size-1usq","11":"pa_size-2-5oz","12":"pa_size-50g","13":"pa_size-950ml","15":"first","16":"instock","17":"shipping-taxable","18":"product-type-simple"},"acf":[],"_links":{"self":[{"href":"https:\/\/eu.addevmaterials-aero.com\/fr\/wp-json\/wp\/v2\/product\/4387","targetHints":{"allow":["GET"]}}],"collection":[{"href":"https:\/\/eu.addevmaterials-aero.com\/fr\/wp-json\/wp\/v2\/product"}],"about":[{"href":"https:\/\/eu.addevmaterials-aero.com\/fr\/wp-json\/wp\/v2\/types\/product"}],"replies":[{"embeddable":true,"href":"https:\/\/eu.addevmaterials-aero.com\/fr\/wp-json\/wp\/v2\/comments?post=4387"}],"wp:featuredmedia":[{"embeddable":true,"href":"https:\/\/eu.addevmaterials-aero.com\/fr\/wp-json\/wp\/v2\/media\/2896"}],"wp:attachment":[{"href":"https:\/\/eu.addevmaterials-aero.com\/fr\/wp-json\/wp\/v2\/media?parent=4387"}],"wp:term":[{"taxonomy":"product_brand","embeddable":true,"href":"https:\/\/eu.addevmaterials-aero.com\/fr\/wp-json\/wp\/v2\/product_brand?post=4387"},{"taxonomy":"product_cat","embeddable":true,"href":"https:\/\/eu.addevmaterials-aero.com\/fr\/wp-json\/wp\/v2\/product_cat?post=4387"},{"taxonomy":"product_tag","embeddable":true,"href":"https:\/\/eu.addevmaterials-aero.com\/fr\/wp-json\/wp\/v2\/product_tag?post=4387"}],"curies":[{"name":"wp","href":"https:\/\/api.w.org\/{rel}","templated":true}]}}