{"id":4385,"date":"2026-02-02T17:21:11","date_gmt":"2026-02-02T17:21:11","guid":{"rendered":"https:\/\/eu.addevmaterials-aero.com\/?post_type=product&#038;p=4385"},"modified":"2026-03-02T17:31:24","modified_gmt":"2026-03-02T17:31:24","slug":"henkel-loctite-ea-9394-aero","status":"publish","type":"product","link":"https:\/\/eu.addevmaterials-aero.com\/fr\/product\/henkel-loctite-ea-9394-aero\/","title":{"rendered":"Henkel LOCTITE EA 9394 AERO"},"content":{"rendered":"","protected":false},"excerpt":{"rendered":"<p>Adh\u00e9sif en p\u00e2te thixotrope \u00e0 deux composants, qui durcit \u00e0 temp\u00e9rature ambiante et poss\u00e8de une r\u00e9sistance sup\u00e9rieure \u00e0 300\u00b0F\/149\u00b0C et plus. Sa nature thixotropique et sa bonne r\u00e9sistance \u00e0 la compression en font un produit id\u00e9al pour l'empotage, le remplissage et le car\u00e9nage, ainsi que pour les applications de calage.<\/p>","protected":false},"featured_media":2894,"comment_status":"open","ping_status":"closed","template":"","meta":{"_acf_changed":false},"product_brand":[60],"product_cat":[27],"product_tag":[],"class_list":{"0":"post-4385","1":"product","2":"type-product","3":"status-publish","4":"has-post-thumbnail","6":"product_brand-henkel","7":"product_cat-adhesives","8":"pa_size-0-95l","9":"pa_size-10ml","10":"pa_size-155g","11":"pa_size-1usq","12":"pa_size-200ml","13":"pa_size-50ml","14":"pa_size-6oz","15":"pa_size-950ml","17":"first","18":"instock","19":"shipping-taxable","20":"product-type-simple"},"acf":[],"_links":{"self":[{"href":"https:\/\/eu.addevmaterials-aero.com\/fr\/wp-json\/wp\/v2\/product\/4385","targetHints":{"allow":["GET"]}}],"collection":[{"href":"https:\/\/eu.addevmaterials-aero.com\/fr\/wp-json\/wp\/v2\/product"}],"about":[{"href":"https:\/\/eu.addevmaterials-aero.com\/fr\/wp-json\/wp\/v2\/types\/product"}],"replies":[{"embeddable":true,"href":"https:\/\/eu.addevmaterials-aero.com\/fr\/wp-json\/wp\/v2\/comments?post=4385"}],"wp:featuredmedia":[{"embeddable":true,"href":"https:\/\/eu.addevmaterials-aero.com\/fr\/wp-json\/wp\/v2\/media\/2894"}],"wp:attachment":[{"href":"https:\/\/eu.addevmaterials-aero.com\/fr\/wp-json\/wp\/v2\/media?parent=4385"}],"wp:term":[{"taxonomy":"product_brand","embeddable":true,"href":"https:\/\/eu.addevmaterials-aero.com\/fr\/wp-json\/wp\/v2\/product_brand?post=4385"},{"taxonomy":"product_cat","embeddable":true,"href":"https:\/\/eu.addevmaterials-aero.com\/fr\/wp-json\/wp\/v2\/product_cat?post=4385"},{"taxonomy":"product_tag","embeddable":true,"href":"https:\/\/eu.addevmaterials-aero.com\/fr\/wp-json\/wp\/v2\/product_tag?post=4385"}],"curies":[{"name":"wp","href":"https:\/\/api.w.org\/{rel}","templated":true}]}}