{"id":4383,"date":"2026-02-02T17:21:11","date_gmt":"2026-02-02T17:21:11","guid":{"rendered":"https:\/\/eu.addevmaterials-aero.com\/?post_type=product&#038;p=4383"},"modified":"2026-03-02T17:31:24","modified_gmt":"2026-03-02T17:31:24","slug":"henkel-loctite-ea-934na","status":"publish","type":"product","link":"https:\/\/eu.addevmaterials-aero.com\/fr\/product\/henkel-loctite-ea-934na\/","title":{"rendered":"Henkel LOCTITE EA 934NA"},"content":{"rendered":"","protected":false},"excerpt":{"rendered":"<p>Adh\u00e9sif \u00e9poxy thixotrope en p\u00e2te \u00e0 deux composants, durcissant \u00e0 temp\u00e9rature ambiante, qui poss\u00e8de une r\u00e9sistance sup\u00e9rieure \u00e0 des temp\u00e9ratures de 149 \u00b0C et plus.<\/p>","protected":false},"featured_media":2892,"comment_status":"open","ping_status":"closed","template":"","meta":{"_acf_changed":false},"product_brand":[60],"product_cat":[27],"product_tag":[],"class_list":{"0":"post-4383","1":"product","2":"type-product","3":"status-publish","4":"has-post-thumbnail","6":"product_brand-henkel","7":"product_cat-adhesives","8":"pa_size-0-95l","9":"pa_size-12g","10":"pa_size-1usp","11":"pa_size-1usq","12":"pa_size-908ml","13":"pa_size-950ml","15":"first","16":"instock","17":"shipping-taxable","18":"product-type-simple"},"acf":[],"_links":{"self":[{"href":"https:\/\/eu.addevmaterials-aero.com\/fr\/wp-json\/wp\/v2\/product\/4383","targetHints":{"allow":["GET"]}}],"collection":[{"href":"https:\/\/eu.addevmaterials-aero.com\/fr\/wp-json\/wp\/v2\/product"}],"about":[{"href":"https:\/\/eu.addevmaterials-aero.com\/fr\/wp-json\/wp\/v2\/types\/product"}],"replies":[{"embeddable":true,"href":"https:\/\/eu.addevmaterials-aero.com\/fr\/wp-json\/wp\/v2\/comments?post=4383"}],"wp:featuredmedia":[{"embeddable":true,"href":"https:\/\/eu.addevmaterials-aero.com\/fr\/wp-json\/wp\/v2\/media\/2892"}],"wp:attachment":[{"href":"https:\/\/eu.addevmaterials-aero.com\/fr\/wp-json\/wp\/v2\/media?parent=4383"}],"wp:term":[{"taxonomy":"product_brand","embeddable":true,"href":"https:\/\/eu.addevmaterials-aero.com\/fr\/wp-json\/wp\/v2\/product_brand?post=4383"},{"taxonomy":"product_cat","embeddable":true,"href":"https:\/\/eu.addevmaterials-aero.com\/fr\/wp-json\/wp\/v2\/product_cat?post=4383"},{"taxonomy":"product_tag","embeddable":true,"href":"https:\/\/eu.addevmaterials-aero.com\/fr\/wp-json\/wp\/v2\/product_tag?post=4383"}],"curies":[{"name":"wp","href":"https:\/\/api.w.org\/{rel}","templated":true}]}}