{"id":4379,"date":"2026-02-02T17:21:10","date_gmt":"2026-02-02T17:21:10","guid":{"rendered":"https:\/\/eu.addevmaterials-aero.com\/?post_type=product&#038;p=4379"},"modified":"2026-03-02T17:31:23","modified_gmt":"2026-03-02T17:31:23","slug":"dupont-kapton-500hn","status":"publish","type":"product","link":"https:\/\/eu.addevmaterials-aero.com\/fr\/product\/dupont-kapton-500hn\/","title":{"rendered":"Dupont Kapton 500HN"},"content":{"rendered":"","protected":false},"excerpt":{"rendered":"<p>Film polyimide de 5mil (127\u00b5m) \u00e0 usage g\u00e9n\u00e9ral utilis\u00e9 dans des applications \u00e0 des temp\u00e9ratures aussi basses que -269\u00b0C (-452\u00b0F) et aussi hautes que 400\u00b0C (752\u00b0F).<\/p>","protected":false},"featured_media":3515,"comment_status":"open","ping_status":"closed","template":"","meta":{"_acf_changed":false},"product_brand":[87],"product_cat":[39],"product_tag":[],"class_list":{"0":"post-4379","1":"product","2":"type-product","3":"status-publish","4":"has-post-thumbnail","6":"product_brand-dupont","7":"product_cat-films","8":"pa_size-0-125mm-x-100mm","9":"pa_size-0-125mm-x-10mm","10":"pa_size-0-125mm-x-12-7mm","11":"pa_size-0-125mm-x-125mm","12":"pa_size-0-125mm-x-15-9mm","13":"pa_size-0-125mm-x-152mm","14":"pa_size-0-125mm-x-16mm","15":"pa_size-0-125mm-x-17-5mm","16":"pa_size-0-125mm-x-19mm","17":"pa_size-0-125mm-x-21mm","18":"pa_size-0-125mm-x-29mm","19":"pa_size-0-125mm-x-32mm","20":"pa_size-0-125mm-x-435mm","21":"pa_size-0-125mm-x-508mm","22":"pa_size-0-125mm-x-54mm","23":"pa_size-0-125mm-x-55mm","24":"pa_size-0-125mm-x-70mm","25":"pa_size-0-125mm-x-85mm","26":"pa_size-0-125mm-x-9-5mm","28":"first","29":"instock","30":"shipping-taxable","31":"product-type-simple"},"acf":[],"_links":{"self":[{"href":"https:\/\/eu.addevmaterials-aero.com\/fr\/wp-json\/wp\/v2\/product\/4379","targetHints":{"allow":["GET"]}}],"collection":[{"href":"https:\/\/eu.addevmaterials-aero.com\/fr\/wp-json\/wp\/v2\/product"}],"about":[{"href":"https:\/\/eu.addevmaterials-aero.com\/fr\/wp-json\/wp\/v2\/types\/product"}],"replies":[{"embeddable":true,"href":"https:\/\/eu.addevmaterials-aero.com\/fr\/wp-json\/wp\/v2\/comments?post=4379"}],"wp:featuredmedia":[{"embeddable":true,"href":"https:\/\/eu.addevmaterials-aero.com\/fr\/wp-json\/wp\/v2\/media\/3515"}],"wp:attachment":[{"href":"https:\/\/eu.addevmaterials-aero.com\/fr\/wp-json\/wp\/v2\/media?parent=4379"}],"wp:term":[{"taxonomy":"product_brand","embeddable":true,"href":"https:\/\/eu.addevmaterials-aero.com\/fr\/wp-json\/wp\/v2\/product_brand?post=4379"},{"taxonomy":"product_cat","embeddable":true,"href":"https:\/\/eu.addevmaterials-aero.com\/fr\/wp-json\/wp\/v2\/product_cat?post=4379"},{"taxonomy":"product_tag","embeddable":true,"href":"https:\/\/eu.addevmaterials-aero.com\/fr\/wp-json\/wp\/v2\/product_tag?post=4379"}],"curies":[{"name":"wp","href":"https:\/\/api.w.org\/{rel}","templated":true}]}}