{"id":4371,"date":"2026-02-02T17:21:00","date_gmt":"2026-02-02T17:21:00","guid":{"rendered":"https:\/\/eu.addevmaterials-aero.com\/?post_type=product&#038;p=4371"},"modified":"2026-03-02T17:31:19","modified_gmt":"2026-03-02T17:31:19","slug":"socomore-diestone-dls","status":"publish","type":"product","link":"https:\/\/eu.addevmaterials-aero.com\/fr\/product\/socomore-diestone-dls\/","title":{"rendered":"Socomore DIESTONE DLS"},"content":{"rendered":"","protected":false},"excerpt":{"rendered":"<p>DIESTONE DLS est une composition de solvants \u00e0 volatilit\u00e9 contr\u00f4l\u00e9e et \u00e0 faible odeur. Il est exempt d'hydrocarbures chlor\u00e9s et s'utilise comme agent de nettoyage. Le produit offre une s\u00e9curit\u00e9 maximale : il ne contient aucun composant t\u00e9ratog\u00e8ne ou canc\u00e9rig\u00e8ne,<\/p>","protected":false},"featured_media":3081,"comment_status":"open","ping_status":"closed","template":"","meta":{"_acf_changed":false},"product_brand":[72],"product_cat":[30],"product_tag":[],"class_list":{"0":"post-4371","1":"product","2":"type-product","3":"status-publish","4":"has-post-thumbnail","6":"product_brand-socomore","7":"product_cat-cleaners-solvents","8":"pa_size-15cm-x-23cm","9":"pa_size-1l","10":"pa_size-20l","11":"pa_size-210l","12":"pa_size-500ml","13":"pa_size-5l","15":"first","16":"instock","17":"shipping-taxable","18":"product-type-simple"},"acf":[],"_links":{"self":[{"href":"https:\/\/eu.addevmaterials-aero.com\/fr\/wp-json\/wp\/v2\/product\/4371","targetHints":{"allow":["GET"]}}],"collection":[{"href":"https:\/\/eu.addevmaterials-aero.com\/fr\/wp-json\/wp\/v2\/product"}],"about":[{"href":"https:\/\/eu.addevmaterials-aero.com\/fr\/wp-json\/wp\/v2\/types\/product"}],"replies":[{"embeddable":true,"href":"https:\/\/eu.addevmaterials-aero.com\/fr\/wp-json\/wp\/v2\/comments?post=4371"}],"wp:featuredmedia":[{"embeddable":true,"href":"https:\/\/eu.addevmaterials-aero.com\/fr\/wp-json\/wp\/v2\/media\/3081"}],"wp:attachment":[{"href":"https:\/\/eu.addevmaterials-aero.com\/fr\/wp-json\/wp\/v2\/media?parent=4371"}],"wp:term":[{"taxonomy":"product_brand","embeddable":true,"href":"https:\/\/eu.addevmaterials-aero.com\/fr\/wp-json\/wp\/v2\/product_brand?post=4371"},{"taxonomy":"product_cat","embeddable":true,"href":"https:\/\/eu.addevmaterials-aero.com\/fr\/wp-json\/wp\/v2\/product_cat?post=4371"},{"taxonomy":"product_tag","embeddable":true,"href":"https:\/\/eu.addevmaterials-aero.com\/fr\/wp-json\/wp\/v2\/product_tag?post=4371"}],"curies":[{"name":"wp","href":"https:\/\/api.w.org\/{rel}","templated":true}]}}