{"id":4369,"date":"2026-02-02T17:21:00","date_gmt":"2026-02-02T17:21:00","guid":{"rendered":"https:\/\/eu.addevmaterials-aero.com\/?post_type=product&#038;p=4369"},"modified":"2026-03-02T17:31:18","modified_gmt":"2026-03-02T17:31:18","slug":"syensqo-cycom-4102a","status":"publish","type":"product","link":"https:\/\/eu.addevmaterials-aero.com\/fr\/product\/syensqo-cycom-4102a\/","title":{"rendered":"Syensqo Cycom 4102A"},"content":{"rendered":"","protected":false},"excerpt":{"rendered":"<p>R\u00e9sine structurelle de polyester r\u00e9sistante \u00e0 la flamme, utilis\u00e9e dans la fabrication de conduits de chauffage, de d\u00e9givrage, de d\u00e9givrage, de ventilation et de pi\u00e8ces stratifi\u00e9es d'usage g\u00e9n\u00e9ral.<\/p>","protected":false},"featured_media":2900,"comment_status":"open","ping_status":"closed","template":"","meta":{"_acf_changed":false},"product_brand":[84],"product_cat":[29],"product_tag":[],"class_list":{"0":"post-4369","1":"product","2":"type-product","3":"status-publish","4":"has-post-thumbnail","6":"product_brand-syensqo","7":"product_cat-paints-coatings","9":"first","10":"instock","11":"shipping-taxable","12":"product-type-simple"},"acf":[],"_links":{"self":[{"href":"https:\/\/eu.addevmaterials-aero.com\/fr\/wp-json\/wp\/v2\/product\/4369","targetHints":{"allow":["GET"]}}],"collection":[{"href":"https:\/\/eu.addevmaterials-aero.com\/fr\/wp-json\/wp\/v2\/product"}],"about":[{"href":"https:\/\/eu.addevmaterials-aero.com\/fr\/wp-json\/wp\/v2\/types\/product"}],"replies":[{"embeddable":true,"href":"https:\/\/eu.addevmaterials-aero.com\/fr\/wp-json\/wp\/v2\/comments?post=4369"}],"wp:featuredmedia":[{"embeddable":true,"href":"https:\/\/eu.addevmaterials-aero.com\/fr\/wp-json\/wp\/v2\/media\/2900"}],"wp:attachment":[{"href":"https:\/\/eu.addevmaterials-aero.com\/fr\/wp-json\/wp\/v2\/media?parent=4369"}],"wp:term":[{"taxonomy":"product_brand","embeddable":true,"href":"https:\/\/eu.addevmaterials-aero.com\/fr\/wp-json\/wp\/v2\/product_brand?post=4369"},{"taxonomy":"product_cat","embeddable":true,"href":"https:\/\/eu.addevmaterials-aero.com\/fr\/wp-json\/wp\/v2\/product_cat?post=4369"},{"taxonomy":"product_tag","embeddable":true,"href":"https:\/\/eu.addevmaterials-aero.com\/fr\/wp-json\/wp\/v2\/product_tag?post=4369"}],"curies":[{"name":"wp","href":"https:\/\/api.w.org\/{rel}","templated":true}]}}