{"id":4347,"date":"2026-02-02T17:20:43","date_gmt":"2026-02-02T17:20:43","guid":{"rendered":"https:\/\/eu.addevmaterials-aero.com\/?post_type=product&#038;p=4347"},"modified":"2026-03-02T17:31:15","modified_gmt":"2026-03-02T17:31:15","slug":"akzonobel-f70-a-topcoat","status":"publish","type":"product","link":"https:\/\/eu.addevmaterials-aero.com\/fr\/product\/akzonobel-f70-a-topcoat\/","title":{"rendered":"AkzoNobel F70-A Couche de finition"},"content":{"rendered":"","protected":false},"excerpt":{"rendered":"<p>Couche de finition \u00e9poxydique \u00e0 trois composants, brillante, en phase aqueuse, \u00e0 haute r\u00e9sistance chimique.<\/p>","protected":false},"featured_media":3012,"comment_status":"open","ping_status":"closed","template":"","meta":{"_acf_changed":false},"product_brand":[22],"product_cat":[29],"product_tag":[],"class_list":{"0":"post-4347","1":"product","2":"type-product","3":"status-publish","4":"has-post-thumbnail","6":"product_brand-akzo-nobel","7":"product_cat-paints-coatings","8":"pa_colour-black","9":"pa_colour-blue","10":"pa_colour-grey","11":"pa_size-45ml","12":"pa_size-48-x-45ml","13":"pa_size-4l","15":"first","16":"instock","17":"shipping-taxable","18":"product-type-simple"},"acf":[],"_links":{"self":[{"href":"https:\/\/eu.addevmaterials-aero.com\/fr\/wp-json\/wp\/v2\/product\/4347","targetHints":{"allow":["GET"]}}],"collection":[{"href":"https:\/\/eu.addevmaterials-aero.com\/fr\/wp-json\/wp\/v2\/product"}],"about":[{"href":"https:\/\/eu.addevmaterials-aero.com\/fr\/wp-json\/wp\/v2\/types\/product"}],"replies":[{"embeddable":true,"href":"https:\/\/eu.addevmaterials-aero.com\/fr\/wp-json\/wp\/v2\/comments?post=4347"}],"wp:featuredmedia":[{"embeddable":true,"href":"https:\/\/eu.addevmaterials-aero.com\/fr\/wp-json\/wp\/v2\/media\/3012"}],"wp:attachment":[{"href":"https:\/\/eu.addevmaterials-aero.com\/fr\/wp-json\/wp\/v2\/media?parent=4347"}],"wp:term":[{"taxonomy":"product_brand","embeddable":true,"href":"https:\/\/eu.addevmaterials-aero.com\/fr\/wp-json\/wp\/v2\/product_brand?post=4347"},{"taxonomy":"product_cat","embeddable":true,"href":"https:\/\/eu.addevmaterials-aero.com\/fr\/wp-json\/wp\/v2\/product_cat?post=4347"},{"taxonomy":"product_tag","embeddable":true,"href":"https:\/\/eu.addevmaterials-aero.com\/fr\/wp-json\/wp\/v2\/product_tag?post=4347"}],"curies":[{"name":"wp","href":"https:\/\/api.w.org\/{rel}","templated":true}]}}