{"id":4304,"date":"2026-02-02T17:20:28","date_gmt":"2026-02-02T17:20:28","guid":{"rendered":"https:\/\/eu.addevmaterials-aero.com\/?post_type=product&#038;p=4304"},"modified":"2026-03-02T17:31:02","modified_gmt":"2026-03-02T17:31:02","slug":"3m-ec-9323-b-a-colle-structurale-en-pate","status":"publish","type":"product","link":"https:\/\/eu.addevmaterials-aero.com\/fr\/product\/3m-ec-9323-b-a-structural-paste-adhesive\/","title":{"rendered":"3M EC-9323 B\/A Adh\u00e9sif structurel en p\u00e2te"},"content":{"rendered":"","protected":false},"excerpt":{"rendered":"<p>Adh\u00e9sif en p\u00e2te \u00e0 deux composants flexi-tough \u00e0 durcissement \u00e0 temp\u00e9rature ambiante, \u00e0 base d'\u00e9poxy, con\u00e7u pour \u00eatre utilis\u00e9 l\u00e0 o\u00f9 une t\u00e9nacit\u00e9 et une r\u00e9sistance \u00e9lev\u00e9es sont requises.<\/p>","protected":false},"featured_media":2891,"comment_status":"open","ping_status":"closed","template":"","meta":{"_acf_changed":false},"product_brand":[24],"product_cat":[27],"product_tag":[],"class_list":{"0":"post-4304","1":"product","2":"type-product","3":"status-publish","4":"has-post-thumbnail","6":"product_brand-3m","7":"product_cat-adhesives","8":"pa_colour-red","9":"pa_size-1l","10":"pa_size-1usp","11":"pa_size-60g","13":"first","14":"instock","15":"shipping-taxable","16":"product-type-simple"},"acf":[],"_links":{"self":[{"href":"https:\/\/eu.addevmaterials-aero.com\/fr\/wp-json\/wp\/v2\/product\/4304","targetHints":{"allow":["GET"]}}],"collection":[{"href":"https:\/\/eu.addevmaterials-aero.com\/fr\/wp-json\/wp\/v2\/product"}],"about":[{"href":"https:\/\/eu.addevmaterials-aero.com\/fr\/wp-json\/wp\/v2\/types\/product"}],"replies":[{"embeddable":true,"href":"https:\/\/eu.addevmaterials-aero.com\/fr\/wp-json\/wp\/v2\/comments?post=4304"}],"wp:featuredmedia":[{"embeddable":true,"href":"https:\/\/eu.addevmaterials-aero.com\/fr\/wp-json\/wp\/v2\/media\/2891"}],"wp:attachment":[{"href":"https:\/\/eu.addevmaterials-aero.com\/fr\/wp-json\/wp\/v2\/media?parent=4304"}],"wp:term":[{"taxonomy":"product_brand","embeddable":true,"href":"https:\/\/eu.addevmaterials-aero.com\/fr\/wp-json\/wp\/v2\/product_brand?post=4304"},{"taxonomy":"product_cat","embeddable":true,"href":"https:\/\/eu.addevmaterials-aero.com\/fr\/wp-json\/wp\/v2\/product_cat?post=4304"},{"taxonomy":"product_tag","embeddable":true,"href":"https:\/\/eu.addevmaterials-aero.com\/fr\/wp-json\/wp\/v2\/product_tag?post=4304"}],"curies":[{"name":"wp","href":"https:\/\/api.w.org\/{rel}","templated":true}]}}