{"id":4303,"date":"2026-02-02T17:20:28","date_gmt":"2026-02-02T17:20:28","guid":{"rendered":"https:\/\/eu.addevmaterials-aero.com\/?post_type=product&#038;p=4303"},"modified":"2026-03-02T17:31:02","modified_gmt":"2026-03-02T17:31:02","slug":"colle-epoxy-3m-ec-2216-b-a","status":"publish","type":"product","link":"https:\/\/eu.addevmaterials-aero.com\/fr\/product\/3m-ec-2216-b-a-epoxy-adhesive\/","title":{"rendered":"Adh\u00e9sif \u00e9poxy 3M EC-2216 B\/A"},"content":{"rendered":"","protected":false},"excerpt":{"rendered":"<p>Adh\u00e9sif \u00e9poxy flexible, en deux parties, durcissant \u00e0 temp\u00e9rature ambiante, offrant une r\u00e9sistance \u00e9lev\u00e9e au cisaillement et au pelage, ce qui en fait un adh\u00e9sif id\u00e9al pour les applications a\u00e9rospatiales les plus exigeantes.<\/p>","protected":false},"featured_media":2890,"comment_status":"open","ping_status":"closed","template":"","meta":{"_acf_changed":false},"product_brand":[24],"product_cat":[27],"product_tag":[],"class_list":{"0":"post-4303","1":"product","2":"type-product","3":"status-publish","4":"has-post-thumbnail","6":"product_brand-3m","7":"product_cat-adhesives","8":"pa_colour-grey","9":"pa_size-1-6l","10":"pa_size-135ml","11":"pa_size-1usp","12":"pa_size-250ml","13":"pa_size-2oz","14":"pa_size-3-3oz","15":"pa_size-41-5ml","16":"pa_size-43ml","17":"pa_size-59ml","19":"first","20":"instock","21":"shipping-taxable","22":"product-type-simple"},"acf":[],"_links":{"self":[{"href":"https:\/\/eu.addevmaterials-aero.com\/fr\/wp-json\/wp\/v2\/product\/4303","targetHints":{"allow":["GET"]}}],"collection":[{"href":"https:\/\/eu.addevmaterials-aero.com\/fr\/wp-json\/wp\/v2\/product"}],"about":[{"href":"https:\/\/eu.addevmaterials-aero.com\/fr\/wp-json\/wp\/v2\/types\/product"}],"replies":[{"embeddable":true,"href":"https:\/\/eu.addevmaterials-aero.com\/fr\/wp-json\/wp\/v2\/comments?post=4303"}],"wp:featuredmedia":[{"embeddable":true,"href":"https:\/\/eu.addevmaterials-aero.com\/fr\/wp-json\/wp\/v2\/media\/2890"}],"wp:attachment":[{"href":"https:\/\/eu.addevmaterials-aero.com\/fr\/wp-json\/wp\/v2\/media?parent=4303"}],"wp:term":[{"taxonomy":"product_brand","embeddable":true,"href":"https:\/\/eu.addevmaterials-aero.com\/fr\/wp-json\/wp\/v2\/product_brand?post=4303"},{"taxonomy":"product_cat","embeddable":true,"href":"https:\/\/eu.addevmaterials-aero.com\/fr\/wp-json\/wp\/v2\/product_cat?post=4303"},{"taxonomy":"product_tag","embeddable":true,"href":"https:\/\/eu.addevmaterials-aero.com\/fr\/wp-json\/wp\/v2\/product_tag?post=4303"}],"curies":[{"name":"wp","href":"https:\/\/api.w.org\/{rel}","templated":true}]}}