{"id":4302,"date":"2026-02-02T17:20:28","date_gmt":"2026-02-02T17:20:28","guid":{"rendered":"https:\/\/eu.addevmaterials-aero.com\/?post_type=product&#038;p=4302"},"modified":"2026-03-02T17:31:01","modified_gmt":"2026-03-02T17:31:01","slug":"3m-af-163-2-film-adhesif-structural-scotch-weld","status":"publish","type":"product","link":"https:\/\/eu.addevmaterials-aero.com\/fr\/product\/3m-af-163-2-scotch-weld-structural-adhesive-film\/","title":{"rendered":"3M AF 163-2 Film adh\u00e9sif structurel Scotch-Weld"},"content":{"rendered":"","protected":false},"excerpt":{"rendered":"<p>Film \u00e9poxy thermodurcissable haute performance con\u00e7u pour les applications de collage structurel exigeantes.<\/p>","protected":false},"featured_media":3490,"comment_status":"open","ping_status":"closed","template":"","meta":{"_acf_changed":false},"product_brand":[24],"product_cat":[39],"product_tag":[],"class_list":{"0":"post-4302","1":"product","2":"type-product","3":"status-publish","4":"has-post-thumbnail","6":"product_brand-3m","7":"product_cat-films","8":"pa_size-1016mm-x-45-7m","9":"pa_size-1220mm-x-46m","10":"pa_size-36in-x-36yd","11":"pa_size-36in-x-50yd","12":"pa_size-914mm-x-45-7m","13":"pa_size-914mm-x-45m","14":"pa_size-914mm-x-46m","16":"first","17":"instock","18":"shipping-taxable","19":"product-type-simple"},"acf":[],"_links":{"self":[{"href":"https:\/\/eu.addevmaterials-aero.com\/fr\/wp-json\/wp\/v2\/product\/4302","targetHints":{"allow":["GET"]}}],"collection":[{"href":"https:\/\/eu.addevmaterials-aero.com\/fr\/wp-json\/wp\/v2\/product"}],"about":[{"href":"https:\/\/eu.addevmaterials-aero.com\/fr\/wp-json\/wp\/v2\/types\/product"}],"replies":[{"embeddable":true,"href":"https:\/\/eu.addevmaterials-aero.com\/fr\/wp-json\/wp\/v2\/comments?post=4302"}],"wp:featuredmedia":[{"embeddable":true,"href":"https:\/\/eu.addevmaterials-aero.com\/fr\/wp-json\/wp\/v2\/media\/3490"}],"wp:attachment":[{"href":"https:\/\/eu.addevmaterials-aero.com\/fr\/wp-json\/wp\/v2\/media?parent=4302"}],"wp:term":[{"taxonomy":"product_brand","embeddable":true,"href":"https:\/\/eu.addevmaterials-aero.com\/fr\/wp-json\/wp\/v2\/product_brand?post=4302"},{"taxonomy":"product_cat","embeddable":true,"href":"https:\/\/eu.addevmaterials-aero.com\/fr\/wp-json\/wp\/v2\/product_cat?post=4302"},{"taxonomy":"product_tag","embeddable":true,"href":"https:\/\/eu.addevmaterials-aero.com\/fr\/wp-json\/wp\/v2\/product_tag?post=4302"}],"curies":[{"name":"wp","href":"https:\/\/api.w.org\/{rel}","templated":true}]}}