{"id":4300,"date":"2026-02-02T17:20:28","date_gmt":"2026-02-02T17:20:28","guid":{"rendered":"https:\/\/eu.addevmaterials-aero.com\/?post_type=product&#038;p=4300"},"modified":"2026-03-02T17:31:01","modified_gmt":"2026-03-02T17:31:01","slug":"bande-de-protection-en-polyurethane-3m-8561","status":"publish","type":"product","link":"https:\/\/eu.addevmaterials-aero.com\/fr\/product\/3m-8561-polyurethane-protective-tape\/","title":{"rendered":"3M 8561 Ruban protecteur en polyur\u00e9thane"},"content":{"rendered":"","protected":false},"excerpt":{"rendered":"<p>Ruban de protection contre l'\u00e9rosion du bord d'attaque de 14 mils, compos\u00e9 d'un support en polyur\u00e9thane r\u00e9sistant et d'un adh\u00e9sif acrylique.<\/p>","protected":false},"featured_media":3123,"comment_status":"open","ping_status":"closed","template":"","meta":{"_acf_changed":false},"product_brand":[24],"product_cat":[36],"product_tag":[],"class_list":{"0":"post-4300","1":"product","2":"type-product","3":"status-publish","4":"has-post-thumbnail","6":"product_brand-3m","7":"product_cat-tapes","8":"pa_colour-clear","9":"pa_size-100mm-x-33m","10":"pa_size-1in-x-36yd","11":"pa_size-2in-x-36yd","12":"pa_size-50-8mm-x-32-9m","13":"pa_size-50-8mm-x-33m","14":"pa_size-76-2mm-x-33m","16":"first","17":"instock","18":"shipping-taxable","19":"product-type-simple"},"acf":[],"_links":{"self":[{"href":"https:\/\/eu.addevmaterials-aero.com\/fr\/wp-json\/wp\/v2\/product\/4300","targetHints":{"allow":["GET"]}}],"collection":[{"href":"https:\/\/eu.addevmaterials-aero.com\/fr\/wp-json\/wp\/v2\/product"}],"about":[{"href":"https:\/\/eu.addevmaterials-aero.com\/fr\/wp-json\/wp\/v2\/types\/product"}],"replies":[{"embeddable":true,"href":"https:\/\/eu.addevmaterials-aero.com\/fr\/wp-json\/wp\/v2\/comments?post=4300"}],"wp:featuredmedia":[{"embeddable":true,"href":"https:\/\/eu.addevmaterials-aero.com\/fr\/wp-json\/wp\/v2\/media\/3123"}],"wp:attachment":[{"href":"https:\/\/eu.addevmaterials-aero.com\/fr\/wp-json\/wp\/v2\/media?parent=4300"}],"wp:term":[{"taxonomy":"product_brand","embeddable":true,"href":"https:\/\/eu.addevmaterials-aero.com\/fr\/wp-json\/wp\/v2\/product_brand?post=4300"},{"taxonomy":"product_cat","embeddable":true,"href":"https:\/\/eu.addevmaterials-aero.com\/fr\/wp-json\/wp\/v2\/product_cat?post=4300"},{"taxonomy":"product_tag","embeddable":true,"href":"https:\/\/eu.addevmaterials-aero.com\/fr\/wp-json\/wp\/v2\/product_tag?post=4300"}],"curies":[{"name":"wp","href":"https:\/\/api.w.org\/{rel}","templated":true}]}}