{"id":4297,"date":"2026-02-02T17:20:28","date_gmt":"2026-02-02T17:20:28","guid":{"rendered":"https:\/\/eu.addevmaterials-aero.com\/?post_type=product&#038;p=4297"},"modified":"2026-03-02T17:31:01","modified_gmt":"2026-03-02T17:31:01","slug":"bande-vinyle-3m-472","status":"publish","type":"product","link":"https:\/\/eu.addevmaterials-aero.com\/fr\/product\/3m-472-vinyl-tape\/","title":{"rendered":"3M 472 Ruban adh\u00e9sif en vinyle"},"content":{"rendered":"","protected":false},"excerpt":{"rendered":"<p>Ruban de vinyle \u00e9pais et polyvalent, id\u00e9al pour la protection intensive, la r\u00e9sistance \u00e0 l'abrasion et toute une s\u00e9rie d'autres applications.<\/p>","protected":false},"featured_media":3121,"comment_status":"open","ping_status":"closed","template":"","meta":{"_acf_changed":false},"product_brand":[24],"product_cat":[36],"product_tag":[],"class_list":{"0":"post-4297","1":"product","2":"type-product","3":"status-publish","4":"has-post-thumbnail","6":"product_brand-3m","7":"product_cat-tapes","8":"pa_colour-black","9":"pa_size-25mm-x-33m","10":"pa_size-50-8mm-x-32-9m","11":"pa_size-50mm-x-33m","13":"first","14":"instock","15":"shipping-taxable","16":"product-type-simple"},"acf":[],"_links":{"self":[{"href":"https:\/\/eu.addevmaterials-aero.com\/fr\/wp-json\/wp\/v2\/product\/4297","targetHints":{"allow":["GET"]}}],"collection":[{"href":"https:\/\/eu.addevmaterials-aero.com\/fr\/wp-json\/wp\/v2\/product"}],"about":[{"href":"https:\/\/eu.addevmaterials-aero.com\/fr\/wp-json\/wp\/v2\/types\/product"}],"replies":[{"embeddable":true,"href":"https:\/\/eu.addevmaterials-aero.com\/fr\/wp-json\/wp\/v2\/comments?post=4297"}],"wp:featuredmedia":[{"embeddable":true,"href":"https:\/\/eu.addevmaterials-aero.com\/fr\/wp-json\/wp\/v2\/media\/3121"}],"wp:attachment":[{"href":"https:\/\/eu.addevmaterials-aero.com\/fr\/wp-json\/wp\/v2\/media?parent=4297"}],"wp:term":[{"taxonomy":"product_brand","embeddable":true,"href":"https:\/\/eu.addevmaterials-aero.com\/fr\/wp-json\/wp\/v2\/product_brand?post=4297"},{"taxonomy":"product_cat","embeddable":true,"href":"https:\/\/eu.addevmaterials-aero.com\/fr\/wp-json\/wp\/v2\/product_cat?post=4297"},{"taxonomy":"product_tag","embeddable":true,"href":"https:\/\/eu.addevmaterials-aero.com\/fr\/wp-json\/wp\/v2\/product_tag?post=4297"}],"curies":[{"name":"wp","href":"https:\/\/api.w.org\/{rel}","templated":true}]}}