{"id":4296,"date":"2026-02-02T17:20:27","date_gmt":"2026-02-02T17:20:27","guid":{"rendered":"https:\/\/eu.addevmaterials-aero.com\/?post_type=product&#038;p=4296"},"modified":"2026-03-02T17:31:00","modified_gmt":"2026-03-02T17:31:00","slug":"bande-vinyle-3m-471","status":"publish","type":"product","link":"https:\/\/eu.addevmaterials-aero.com\/fr\/product\/3m-471-vinyl-tape\/","title":{"rendered":"3M 471 Ruban adh\u00e9sif en vinyle"},"content":{"rendered":"","protected":false},"excerpt":{"rendered":"<p>Un ruban vinyle polyvalent qui permet un marquage durable des sols et de la s\u00e9curit\u00e9, des lignes de peinture nettes sur des travaux complexes et des joints ou r\u00e9parations fiables dans une vari\u00e9t\u00e9 d'industries.<\/p>","protected":false},"featured_media":3120,"comment_status":"open","ping_status":"closed","template":"","meta":{"_acf_changed":false},"product_brand":[24],"product_cat":[36],"product_tag":[],"class_list":{"0":"post-4296","1":"product","2":"type-product","3":"status-publish","4":"has-post-thumbnail","6":"product_brand-3m","7":"product_cat-tapes","8":"pa_colour-black","9":"pa_colour-blue","10":"pa_colour-clear","11":"pa_colour-green","12":"pa_colour-orange","13":"pa_colour-red","14":"pa_colour-white","15":"pa_colour-yellow","16":"pa_size-0-25in-x-36yd","17":"pa_size-1-5in-x-36yd","18":"pa_size-100mm-x-33m","19":"pa_size-101-6mm-x-33m","20":"pa_size-12mm-x-33m","21":"pa_size-19mm-x-33m","22":"pa_size-1l","23":"pa_size-25mm-x-33m","24":"pa_size-38mm-x-33m","25":"pa_size-50-8mm-x-33m","26":"pa_size-50mm-x-33m","27":"pa_size-6mm-x-33m","28":"pa_size-9-5mm-x-33m","29":"pa_size-9mm-x-33m","31":"first","32":"instock","33":"shipping-taxable","34":"product-type-simple"},"acf":[],"_links":{"self":[{"href":"https:\/\/eu.addevmaterials-aero.com\/fr\/wp-json\/wp\/v2\/product\/4296","targetHints":{"allow":["GET"]}}],"collection":[{"href":"https:\/\/eu.addevmaterials-aero.com\/fr\/wp-json\/wp\/v2\/product"}],"about":[{"href":"https:\/\/eu.addevmaterials-aero.com\/fr\/wp-json\/wp\/v2\/types\/product"}],"replies":[{"embeddable":true,"href":"https:\/\/eu.addevmaterials-aero.com\/fr\/wp-json\/wp\/v2\/comments?post=4296"}],"wp:featuredmedia":[{"embeddable":true,"href":"https:\/\/eu.addevmaterials-aero.com\/fr\/wp-json\/wp\/v2\/media\/3120"}],"wp:attachment":[{"href":"https:\/\/eu.addevmaterials-aero.com\/fr\/wp-json\/wp\/v2\/media?parent=4296"}],"wp:term":[{"taxonomy":"product_brand","embeddable":true,"href":"https:\/\/eu.addevmaterials-aero.com\/fr\/wp-json\/wp\/v2\/product_brand?post=4296"},{"taxonomy":"product_cat","embeddable":true,"href":"https:\/\/eu.addevmaterials-aero.com\/fr\/wp-json\/wp\/v2\/product_cat?post=4296"},{"taxonomy":"product_tag","embeddable":true,"href":"https:\/\/eu.addevmaterials-aero.com\/fr\/wp-json\/wp\/v2\/product_tag?post=4296"}],"curies":[{"name":"wp","href":"https:\/\/api.w.org\/{rel}","templated":true}]}}