{"id":4293,"date":"2026-02-02T17:20:27","date_gmt":"2026-02-02T17:20:27","guid":{"rendered":"https:\/\/eu.addevmaterials-aero.com\/?post_type=product&#038;p=4293"},"modified":"2026-03-02T17:31:00","modified_gmt":"2026-03-02T17:31:00","slug":"3m-ec-3524-b-a-compose-de-remplissage-structurel-des-vides","status":"publish","type":"product","link":"https:\/\/eu.addevmaterials-aero.com\/fr\/product\/3m-ec-3524-b-a-structural-void-filling-compound\/","title":{"rendered":"3M EC-3524 B\/A Compos\u00e9 de remplissage des vides structurels"},"content":{"rendered":"","protected":false},"excerpt":{"rendered":"<p>Compos\u00e9 \u00e9poxy bi-composant haute performance, ignifuge, sp\u00e9cialement con\u00e7u pour les applications a\u00e9rospatiales.<\/p>","protected":false},"featured_media":3020,"comment_status":"open","ping_status":"closed","template":"","meta":{"_acf_changed":false},"product_brand":[24],"product_cat":[28],"product_tag":[],"class_list":{"0":"post-4293","1":"product","2":"type-product","3":"status-publish","4":"has-post-thumbnail","6":"product_brand-3m","7":"product_cat-sealants","8":"pa_colour-blue","9":"pa_colour-brown","10":"pa_size-0-5usg","11":"pa_size-15kg","12":"pa_size-48-5ml","13":"pa_size-4kg","15":"first","16":"instock","17":"shipping-taxable","18":"product-type-simple"},"acf":[],"_links":{"self":[{"href":"https:\/\/eu.addevmaterials-aero.com\/fr\/wp-json\/wp\/v2\/product\/4293","targetHints":{"allow":["GET"]}}],"collection":[{"href":"https:\/\/eu.addevmaterials-aero.com\/fr\/wp-json\/wp\/v2\/product"}],"about":[{"href":"https:\/\/eu.addevmaterials-aero.com\/fr\/wp-json\/wp\/v2\/types\/product"}],"replies":[{"embeddable":true,"href":"https:\/\/eu.addevmaterials-aero.com\/fr\/wp-json\/wp\/v2\/comments?post=4293"}],"wp:featuredmedia":[{"embeddable":true,"href":"https:\/\/eu.addevmaterials-aero.com\/fr\/wp-json\/wp\/v2\/media\/3020"}],"wp:attachment":[{"href":"https:\/\/eu.addevmaterials-aero.com\/fr\/wp-json\/wp\/v2\/media?parent=4293"}],"wp:term":[{"taxonomy":"product_brand","embeddable":true,"href":"https:\/\/eu.addevmaterials-aero.com\/fr\/wp-json\/wp\/v2\/product_brand?post=4293"},{"taxonomy":"product_cat","embeddable":true,"href":"https:\/\/eu.addevmaterials-aero.com\/fr\/wp-json\/wp\/v2\/product_cat?post=4293"},{"taxonomy":"product_tag","embeddable":true,"href":"https:\/\/eu.addevmaterials-aero.com\/fr\/wp-json\/wp\/v2\/product_tag?post=4293"}],"curies":[{"name":"wp","href":"https:\/\/api.w.org\/{rel}","templated":true}]}}