{"id":4292,"date":"2026-02-02T17:20:27","date_gmt":"2026-02-02T17:20:27","guid":{"rendered":"https:\/\/eu.addevmaterials-aero.com\/?post_type=product&#038;p=4292"},"modified":"2026-03-02T19:34:10","modified_gmt":"2026-03-02T19:34:10","slug":"ruban-de-masquage-industriel-3m-301e-performance","status":"publish","type":"product","link":"https:\/\/eu.addevmaterials-aero.com\/fr\/product\/3m-301e-performance-industrial-masking-tape\/","title":{"rendered":"Ruban de masquage industriel 3M 301E Performance"},"content":{"rendered":"<p>3M\u2122 Performance Industrial Masking Tape 301E est un ruban en papier cr\u00eap\u00e9 \u00e9pais pour les applications industrielles avec une bonne r\u00e9sistance \u00e0 l'eau. Id\u00e9al pour le recadrage, le regroupement, les applications industrielles, la fixation, le marquage et la protection de diff\u00e9rentes mani\u00e8res. Les performances thermiques de ce produit permettent le s\u00e9chage \u00e0 l'air et au four de peintures \u00e0 des temp\u00e9ratures maximales de 100\u00b0C pendant une dur\u00e9e d'une heure. Il se caract\u00e9rise par une couleur chamois, un adh\u00e9sif en caoutchouc et une \u00e9paisseur de 0,150 mm.<\/p>","protected":false},"excerpt":{"rendered":"<p>Ruban de papier cr\u00eap\u00e9 \u00e9pais pour applications industrielles avec une bonne r\u00e9sistance \u00e0 l'eau<\/p>","protected":false},"featured_media":3488,"comment_status":"open","ping_status":"closed","template":"","meta":{"_acf_changed":false},"product_brand":[24],"product_cat":[36],"product_tag":[],"class_list":{"0":"post-4292","1":"product","2":"type-product","3":"status-publish","4":"has-post-thumbnail","6":"product_brand-3m","7":"product_cat-tapes","8":"pa_colour-beige","9":"pa_size-18mm-x-50m","10":"pa_size-24mm-x-50m","11":"pa_size-48mm-x-50m","13":"first","14":"instock","15":"shipping-taxable","16":"product-type-simple"},"acf":[],"_links":{"self":[{"href":"https:\/\/eu.addevmaterials-aero.com\/fr\/wp-json\/wp\/v2\/product\/4292","targetHints":{"allow":["GET"]}}],"collection":[{"href":"https:\/\/eu.addevmaterials-aero.com\/fr\/wp-json\/wp\/v2\/product"}],"about":[{"href":"https:\/\/eu.addevmaterials-aero.com\/fr\/wp-json\/wp\/v2\/types\/product"}],"replies":[{"embeddable":true,"href":"https:\/\/eu.addevmaterials-aero.com\/fr\/wp-json\/wp\/v2\/comments?post=4292"}],"wp:featuredmedia":[{"embeddable":true,"href":"https:\/\/eu.addevmaterials-aero.com\/fr\/wp-json\/wp\/v2\/media\/3488"}],"wp:attachment":[{"href":"https:\/\/eu.addevmaterials-aero.com\/fr\/wp-json\/wp\/v2\/media?parent=4292"}],"wp:term":[{"taxonomy":"product_brand","embeddable":true,"href":"https:\/\/eu.addevmaterials-aero.com\/fr\/wp-json\/wp\/v2\/product_brand?post=4292"},{"taxonomy":"product_cat","embeddable":true,"href":"https:\/\/eu.addevmaterials-aero.com\/fr\/wp-json\/wp\/v2\/product_cat?post=4292"},{"taxonomy":"product_tag","embeddable":true,"href":"https:\/\/eu.addevmaterials-aero.com\/fr\/wp-json\/wp\/v2\/product_tag?post=4292"}],"curies":[{"name":"wp","href":"https:\/\/api.w.org\/{rel}","templated":true}]}}