{"id":4049,"date":"2026-01-29T15:13:10","date_gmt":"2026-01-29T15:13:10","guid":{"rendered":"https:\/\/eu.addevmaterials-aero.com\/?page_id=4049"},"modified":"2026-01-29T15:16:30","modified_gmt":"2026-01-29T15:16:30","slug":"avis-juridiques","status":"publish","type":"page","link":"https:\/\/eu.addevmaterials-aero.com\/fr\/legal-notices\/","title":{"rendered":"LEGAL NOTICES"},"content":{"rendered":"<div data-elementor-type=\"wp-page\" data-elementor-id=\"4049\" class=\"elementor elementor-4049\" data-elementor-post-type=\"page\">\n\t\t\t\t<div class=\"elementor-element elementor-element-6f64e90a e-flex e-con-boxed e-con e-parent\" data-id=\"6f64e90a\" data-element_type=\"container\" data-e-type=\"container\">\n\t\t\t\t\t<div class=\"e-con-inner\">\n\t\t\t\t<div class=\"elementor-element elementor-element-5d56253b elementor-widget elementor-widget-text-editor\" data-id=\"5d56253b\" data-element_type=\"widget\" data-e-type=\"widget\" data-widget_type=\"text-editor.default\">\n\t\t\t\t\t\t\t\t\t\n<p>En vigueur<\/p>\n\n\n\n<p>Conform\u00e9ment aux articles 6-III et 19 de la loi n\u00b0 2004-575 du 21 juin 2004 pour la confiance dans l'\u00e9conomie num\u00e9rique (LCEN), les utilisateurs du site web <strong>eu.addevmaterials-aero.com<\/strong> sont inform\u00e9s du pr\u00e9sent avis juridique.<\/p>\n\n\n\n<hr class=\"wp-block-separator has-alpha-channel-opacity\"\/>\n\n\n\n<h2 class=\"wp-block-heading\">ARTICLE 1 - \u00c9DITEUR<\/h2>\n\n\n\n<p>Le site web <strong>eu.addevmaterials-aero.com<\/strong> est publi\u00e9 par :<\/p>\n\n\n\n<p><strong>ADDEV Materials SAS<\/strong><br>Soci\u00e9t\u00e9 par actions simplifi\u00e9e (SAS) avec un capital social de 1,5 million d'euros. <strong>\u20ac38,322,519<\/strong><br>Inscrit au Registre du Commerce et des Soci\u00e9t\u00e9s (RCS) de <strong>Lyon<\/strong> sous le num\u00e9ro <strong>820 724 508<\/strong><\/p>\n\n\n\n<p>Si\u00e8ge social :<br><strong>30 quai Perrache, 69002 Lyon, France<\/strong><\/p>\n\n\n\n<p>T\u00e9l\u00e9phone :<br><strong>+33 (0)4 72 11 35 00<\/strong><\/p>\n\n\n\n<p>Adresse \u00e9lectronique :<br><strong><a>contact@addevmaterials.com<\/a><\/strong><\/p>\n\n\n\n<p>Num\u00e9ro de TVA de l'UE :<br><strong>FR32820724508<\/strong><\/p>\n\n\n\n<p>Directeur de publication :<br><strong>Marie BLANCHARD-BRUNEL<\/strong>, agissant en tant que repr\u00e9sentant l\u00e9gal.<\/p>\n\n\n\n<hr class=\"wp-block-separator has-alpha-channel-opacity\"\/>\n\n\n\n<h2 class=\"wp-block-heading\">ARTICLE 2 - H\u00c9BERGEMENT<\/h2>\n\n\n\n<p>Le site est h\u00e9berg\u00e9 par :<\/p>\n\n\n\n<p><strong>Infomaniak Network SA<\/strong><br>Rue Eug\u00e8ne-Marziano 25<br>1227 Les Acacias<br>Gen\u00e8ve, Suisse<\/p>\n\n\n\n<p>T\u00e9l\u00e9phone :<br><strong>+41 22 820 35 44<\/strong><\/p>\n\n\n\n<p>Site web :<br><strong><a href=\"https:\/\/www.infomaniak.com\" target=\"_blank\" rel=\"noopener\">https:\/\/www.infomaniak.com<\/a><\/strong><\/p>\n\n\n\n<hr class=\"wp-block-separator has-alpha-channel-opacity\"\/>\n\n\n\n<h2 class=\"wp-block-heading\">ARTICLE 3 - ACC\u00c8S AU SITE WEB<\/h2>\n\n\n\n<p>Le site est accessible 24 heures sur 24, 7 jours sur 7, sauf en cas de force majeure, d'interruption programm\u00e9e ou non, ou d'op\u00e9ration de maintenance.<\/p>\n\n\n\n<p>L'\u00e9diteur ne peut \u00eatre tenu responsable de toute interruption, suspension ou dysfonctionnement du site, quelle qu'en soit la cause.<\/p>\n\n\n\n<hr class=\"wp-block-separator has-alpha-channel-opacity\"\/>\n\n\n\n<h2 class=\"wp-block-heading\">ARTICLE 4 - PROPRI\u00c9T\u00c9 INTELLECTUELLE<\/h2>\n\n\n\n<p>Tout le contenu disponible sur le site web <strong>eu.addevmaterials-aero.com<\/strong>, Le contenu du site, notamment les textes, images, graphiques, logos, ic\u00f4nes, vid\u00e9os, documents techniques et bases de donn\u00e9es, est prot\u00e9g\u00e9 par le droit de la propri\u00e9t\u00e9 intellectuelle et demeure la propri\u00e9t\u00e9 exclusive d'ADDEV Materials SAS ou de ses partenaires.<\/p>\n\n\n\n<p>Toute reproduction, repr\u00e9sentation, modification, publication, adaptation de tout ou partie de ces \u00e9l\u00e9ments, quel que soit le moyen ou le proc\u00e9d\u00e9 utilis\u00e9, est interdite, sauf autorisation \u00e9crite pr\u00e9alable d'ADDEV Materials SAS.<\/p>\n\n\n\n<hr class=\"wp-block-separator has-alpha-channel-opacity\"\/>\n\n\n\n<h2 class=\"wp-block-heading\">ARTICLE 5 - RESPONSABILIT\u00c9<\/h2>\n\n\n\n<p>ADDEV Materials SAS s'efforce d'assurer l'exactitude et la mise \u00e0 jour des informations diffus\u00e9es sur le site. Toutefois, la responsabilit\u00e9 de l'\u00e9diteur ne peut \u00eatre engag\u00e9e :<\/p>\n\n\n\n<ul class=\"wp-block-list\">\n<li>toute erreur ou omission,<\/li>\n\n\n\n<li>l'indisponibilit\u00e9 temporaire du site,<\/li>\n\n\n\n<li>les dommages directs ou indirects r\u00e9sultant de l'acc\u00e8s ou de l'utilisation du site web.<\/li>\n<\/ul>\n\n\n\n<hr class=\"wp-block-separator has-alpha-channel-opacity\"\/>\n\n\n\n<h2 class=\"wp-block-heading\">ARTICLE 6 - DROIT APPLICABLE ET JURIDICTION<\/h2>\n\n\n\n<p>Les pr\u00e9sentes mentions l\u00e9gales sont r\u00e9gies par le droit fran\u00e7ais.<br>En cas de litige et \u00e0 d\u00e9faut de r\u00e9solution amiable, les tribunaux comp\u00e9tents seront ceux du ressort du si\u00e8ge social d'ADDEV Materials SAS.<\/p>\n\n\n\n<hr class=\"wp-block-separator has-alpha-channel-opacity\"\/>\n\n\n\n<h2 class=\"wp-block-heading\">MISE \u00c0 JOUR<\/h2>\n\n\n\n<p>Ces mentions l\u00e9gales peuvent \u00eatre modifi\u00e9es \u00e0 tout moment afin d'assurer la conformit\u00e9 avec la l\u00e9gislation applicable.<\/p>\n\n\n\n<p><\/p>\n\t\t\t\t\t\t\t\t<\/div>\n\t\t\t\t\t<\/div>\n\t\t\t\t<\/div>\n\t\t\t\t<\/div>","protected":false},"excerpt":{"rendered":"<p>In force In accordance with Articles 6-III and 19 of French Law No. 2004-575 of 21 June 2004 for Confidence in the Digital Economy (LCEN), users of the website eu.addevmaterials-aero.com are hereby informed of the present legal notice. ARTICLE 1 \u2013 PUBLISHER The website eu.addevmaterials-aero.com is published by: ADDEV Materials SASA simplified joint-stock company (SAS) [&hellip;]<\/p>\n","protected":false},"author":3,"featured_media":0,"parent":0,"menu_order":0,"comment_status":"closed","ping_status":"closed","template":"","meta":{"_acf_changed":false,"footnotes":""},"class_list":["post-4049","page","type-page","status-publish","hentry"],"acf":[],"_links":{"self":[{"href":"https:\/\/eu.addevmaterials-aero.com\/fr\/wp-json\/wp\/v2\/pages\/4049","targetHints":{"allow":["GET"]}}],"collection":[{"href":"https:\/\/eu.addevmaterials-aero.com\/fr\/wp-json\/wp\/v2\/pages"}],"about":[{"href":"https:\/\/eu.addevmaterials-aero.com\/fr\/wp-json\/wp\/v2\/types\/page"}],"author":[{"embeddable":true,"href":"https:\/\/eu.addevmaterials-aero.com\/fr\/wp-json\/wp\/v2\/users\/3"}],"replies":[{"embeddable":true,"href":"https:\/\/eu.addevmaterials-aero.com\/fr\/wp-json\/wp\/v2\/comments?post=4049"}],"version-history":[{"count":4,"href":"https:\/\/eu.addevmaterials-aero.com\/fr\/wp-json\/wp\/v2\/pages\/4049\/revisions"}],"predecessor-version":[{"id":4054,"href":"https:\/\/eu.addevmaterials-aero.com\/fr\/wp-json\/wp\/v2\/pages\/4049\/revisions\/4054"}],"wp:attachment":[{"href":"https:\/\/eu.addevmaterials-aero.com\/fr\/wp-json\/wp\/v2\/media?parent=4049"}],"curies":[{"name":"wp","href":"https:\/\/api.w.org\/{rel}","templated":true}]}}