{"id":5640,"date":"2026-04-28T09:23:54","date_gmt":"2026-04-28T09:23:54","guid":{"rendered":"https:\/\/eu.addevmaterials-aero.com\/?post_type=product&#038;p=5640"},"modified":"2026-04-29T21:50:56","modified_gmt":"2026-04-29T21:50:56","slug":"pelicula-de-enmascarar-3m-morada-premium-plus-50989","status":"publish","type":"product","link":"https:\/\/eu.addevmaterials-aero.com\/es\/product\/3m-purple-premium-plus-masking-film-50989\/","title":{"rendered":"Pel\u00edcula de enmascarar 3M Purple Premium Plus (50989)"},"content":{"rendered":"","protected":false},"excerpt":{"rendered":"<p>Una l\u00e1mina de pl\u00e1stico premium de alta densidad que resiste la impresi\u00f3n o el empa\u00f1amiento en superficies pintadas de veh\u00edculos<\/p>","protected":false},"featured_media":5724,"comment_status":"open","ping_status":"closed","template":"","meta":{"_acf_changed":false},"product_brand":[24],"product_cat":[39],"product_tag":[],"class_list":{"0":"post-5640","1":"product","2":"type-product","3":"status-publish","4":"has-post-thumbnail","6":"product_brand-3m","7":"product_cat-films","8":"pa_colour-purple","9":"pa_size-5m-x-120m","11":"first","12":"instock","13":"shipping-taxable","14":"product-type-simple"},"acf":[],"_links":{"self":[{"href":"https:\/\/eu.addevmaterials-aero.com\/es\/wp-json\/wp\/v2\/product\/5640","targetHints":{"allow":["GET"]}}],"collection":[{"href":"https:\/\/eu.addevmaterials-aero.com\/es\/wp-json\/wp\/v2\/product"}],"about":[{"href":"https:\/\/eu.addevmaterials-aero.com\/es\/wp-json\/wp\/v2\/types\/product"}],"replies":[{"embeddable":true,"href":"https:\/\/eu.addevmaterials-aero.com\/es\/wp-json\/wp\/v2\/comments?post=5640"}],"wp:featuredmedia":[{"embeddable":true,"href":"https:\/\/eu.addevmaterials-aero.com\/es\/wp-json\/wp\/v2\/media\/5724"}],"wp:attachment":[{"href":"https:\/\/eu.addevmaterials-aero.com\/es\/wp-json\/wp\/v2\/media?parent=5640"}],"wp:term":[{"taxonomy":"product_brand","embeddable":true,"href":"https:\/\/eu.addevmaterials-aero.com\/es\/wp-json\/wp\/v2\/product_brand?post=5640"},{"taxonomy":"product_cat","embeddable":true,"href":"https:\/\/eu.addevmaterials-aero.com\/es\/wp-json\/wp\/v2\/product_cat?post=5640"},{"taxonomy":"product_tag","embeddable":true,"href":"https:\/\/eu.addevmaterials-aero.com\/es\/wp-json\/wp\/v2\/product_tag?post=5640"}],"curies":[{"name":"wp","href":"https:\/\/api.w.org\/{rel}","templated":true}]}}