{"id":4435,"date":"2026-02-02T17:21:28","date_gmt":"2026-02-02T17:21:28","guid":{"rendered":"https:\/\/eu.addevmaterials-aero.com\/?post_type=product&#038;p=4435"},"modified":"2026-03-02T17:31:39","modified_gmt":"2026-03-02T17:31:39","slug":"3m-ac-350-b-2-sellante-aeroespacial","status":"publish","type":"product","link":"https:\/\/eu.addevmaterials-aero.com\/es\/product\/3m-ac-350-b-2-aerospace-sealant\/","title":{"rendered":"Sellante aeroespacial 3M AC-350 B-2"},"content":{"rendered":"","protected":false},"excerpt":{"rendered":"<p>Sellador de polisulfuro bicomponente, de curado r\u00e1pido, a base de di\u00f3xido de manganeso, adecuado para aplicaciones en dep\u00f3sitos de combustible y fuselajes.<\/p>","protected":false},"featured_media":3545,"comment_status":"open","ping_status":"closed","template":"","meta":{"_acf_changed":false},"product_brand":[24],"product_cat":[28],"product_tag":[],"class_list":{"0":"post-4435","1":"product","2":"type-product","3":"status-publish","4":"has-post-thumbnail","6":"product_brand-3m","7":"product_cat-sealants","8":"pa_size-1usp","9":"pa_size-3-5oz","11":"first","12":"instock","13":"shipping-taxable","14":"product-type-simple"},"acf":[],"_links":{"self":[{"href":"https:\/\/eu.addevmaterials-aero.com\/es\/wp-json\/wp\/v2\/product\/4435","targetHints":{"allow":["GET"]}}],"collection":[{"href":"https:\/\/eu.addevmaterials-aero.com\/es\/wp-json\/wp\/v2\/product"}],"about":[{"href":"https:\/\/eu.addevmaterials-aero.com\/es\/wp-json\/wp\/v2\/types\/product"}],"replies":[{"embeddable":true,"href":"https:\/\/eu.addevmaterials-aero.com\/es\/wp-json\/wp\/v2\/comments?post=4435"}],"wp:featuredmedia":[{"embeddable":true,"href":"https:\/\/eu.addevmaterials-aero.com\/es\/wp-json\/wp\/v2\/media\/3545"}],"wp:attachment":[{"href":"https:\/\/eu.addevmaterials-aero.com\/es\/wp-json\/wp\/v2\/media?parent=4435"}],"wp:term":[{"taxonomy":"product_brand","embeddable":true,"href":"https:\/\/eu.addevmaterials-aero.com\/es\/wp-json\/wp\/v2\/product_brand?post=4435"},{"taxonomy":"product_cat","embeddable":true,"href":"https:\/\/eu.addevmaterials-aero.com\/es\/wp-json\/wp\/v2\/product_cat?post=4435"},{"taxonomy":"product_tag","embeddable":true,"href":"https:\/\/eu.addevmaterials-aero.com\/es\/wp-json\/wp\/v2\/product_tag?post=4435"}],"curies":[{"name":"wp","href":"https:\/\/api.w.org\/{rel}","templated":true}]}}