{"id":4389,"date":"2026-02-02T17:21:12","date_gmt":"2026-02-02T17:21:12","guid":{"rendered":"https:\/\/eu.addevmaterials-aero.com\/?post_type=product&#038;p=4389"},"modified":"2026-03-02T17:31:25","modified_gmt":"2026-03-02T17:31:25","slug":"nycote-7-11","status":"publish","type":"product","link":"https:\/\/eu.addevmaterials-aero.com\/es\/product\/nycote-7-11\/","title":{"rendered":"Nycote 7-11"},"content":{"rendered":"","protected":false},"excerpt":{"rendered":"<p>Revestimiento l\u00edquido de epoxi y nailon monocomponente dise\u00f1ado para ofrecer una protecci\u00f3n robusta y duradera en entornos exigentes.<\/p>","protected":false},"featured_media":3141,"comment_status":"open","ping_status":"closed","template":"","meta":{"_acf_changed":false},"product_brand":[85],"product_cat":[29],"product_tag":[],"class_list":{"0":"post-4389","1":"product","2":"type-product","3":"status-publish","4":"has-post-thumbnail","6":"product_brand-nycote","7":"product_cat-paints-coatings","8":"pa_colour-blue","9":"pa_colour-clear","10":"pa_colour-red","11":"pa_colour-yellow","12":"pa_size-0-5usp","13":"pa_size-10ml","14":"pa_size-1usp","15":"pa_size-1usq","16":"pa_size-250ml","18":"first","19":"instock","20":"shipping-taxable","21":"product-type-simple"},"acf":[],"_links":{"self":[{"href":"https:\/\/eu.addevmaterials-aero.com\/es\/wp-json\/wp\/v2\/product\/4389","targetHints":{"allow":["GET"]}}],"collection":[{"href":"https:\/\/eu.addevmaterials-aero.com\/es\/wp-json\/wp\/v2\/product"}],"about":[{"href":"https:\/\/eu.addevmaterials-aero.com\/es\/wp-json\/wp\/v2\/types\/product"}],"replies":[{"embeddable":true,"href":"https:\/\/eu.addevmaterials-aero.com\/es\/wp-json\/wp\/v2\/comments?post=4389"}],"wp:featuredmedia":[{"embeddable":true,"href":"https:\/\/eu.addevmaterials-aero.com\/es\/wp-json\/wp\/v2\/media\/3141"}],"wp:attachment":[{"href":"https:\/\/eu.addevmaterials-aero.com\/es\/wp-json\/wp\/v2\/media?parent=4389"}],"wp:term":[{"taxonomy":"product_brand","embeddable":true,"href":"https:\/\/eu.addevmaterials-aero.com\/es\/wp-json\/wp\/v2\/product_brand?post=4389"},{"taxonomy":"product_cat","embeddable":true,"href":"https:\/\/eu.addevmaterials-aero.com\/es\/wp-json\/wp\/v2\/product_cat?post=4389"},{"taxonomy":"product_tag","embeddable":true,"href":"https:\/\/eu.addevmaterials-aero.com\/es\/wp-json\/wp\/v2\/product_tag?post=4389"}],"curies":[{"name":"wp","href":"https:\/\/api.w.org\/{rel}","templated":true}]}}