{"id":4372,"date":"2026-02-02T17:21:00","date_gmt":"2026-02-02T17:21:00","guid":{"rendered":"https:\/\/eu.addevmaterials-aero.com\/?post_type=product&#038;p=4372"},"modified":"2026-03-02T17:31:19","modified_gmt":"2026-03-02T17:31:19","slug":"hentzen-16708tep-16709ceh","status":"publish","type":"product","link":"https:\/\/eu.addevmaterials-aero.com\/es\/product\/hentzen-16708tep-16709ceh\/","title":{"rendered":"Hentzen 16708TEP\/16709CEH"},"content":{"rendered":"","protected":false},"excerpt":{"rendered":"<p>Un kit de imprimaci\u00f3n epoxi sin cromatos dise\u00f1ado para aplicarse antes de cualquier exposici\u00f3n, protegiendo la superficie y garantizando la m\u00e1xima adherencia.<\/p>","protected":false},"featured_media":3512,"comment_status":"open","ping_status":"closed","template":"","meta":{"_acf_changed":false},"product_brand":[81],"product_cat":[29],"product_tag":[],"class_list":{"0":"post-4372","1":"product","2":"type-product","3":"status-publish","4":"has-post-thumbnail","6":"product_brand-hentzen","7":"product_cat-paints-coatings","8":"pa_size-1usg","9":"pa_size-40ml","11":"first","12":"instock","13":"shipping-taxable","14":"product-type-simple"},"acf":[],"_links":{"self":[{"href":"https:\/\/eu.addevmaterials-aero.com\/es\/wp-json\/wp\/v2\/product\/4372","targetHints":{"allow":["GET"]}}],"collection":[{"href":"https:\/\/eu.addevmaterials-aero.com\/es\/wp-json\/wp\/v2\/product"}],"about":[{"href":"https:\/\/eu.addevmaterials-aero.com\/es\/wp-json\/wp\/v2\/types\/product"}],"replies":[{"embeddable":true,"href":"https:\/\/eu.addevmaterials-aero.com\/es\/wp-json\/wp\/v2\/comments?post=4372"}],"wp:featuredmedia":[{"embeddable":true,"href":"https:\/\/eu.addevmaterials-aero.com\/es\/wp-json\/wp\/v2\/media\/3512"}],"wp:attachment":[{"href":"https:\/\/eu.addevmaterials-aero.com\/es\/wp-json\/wp\/v2\/media?parent=4372"}],"wp:term":[{"taxonomy":"product_brand","embeddable":true,"href":"https:\/\/eu.addevmaterials-aero.com\/es\/wp-json\/wp\/v2\/product_brand?post=4372"},{"taxonomy":"product_cat","embeddable":true,"href":"https:\/\/eu.addevmaterials-aero.com\/es\/wp-json\/wp\/v2\/product_cat?post=4372"},{"taxonomy":"product_tag","embeddable":true,"href":"https:\/\/eu.addevmaterials-aero.com\/es\/wp-json\/wp\/v2\/product_tag?post=4372"}],"curies":[{"name":"wp","href":"https:\/\/api.w.org\/{rel}","templated":true}]}}