{"id":4326,"date":"2026-02-02T17:20:40","date_gmt":"2026-02-02T17:20:40","guid":{"rendered":"https:\/\/eu.addevmaterials-aero.com\/?post_type=product&#038;p=4326"},"modified":"2026-03-02T17:31:09","modified_gmt":"2026-03-02T17:31:09","slug":"akzonobel-serie-646-58","status":"publish","type":"product","link":"https:\/\/eu.addevmaterials-aero.com\/es\/product\/akzonobel-646-58-series\/","title":{"rendered":"AkzoNobel SERIE 646-58"},"content":{"rendered":"","protected":false},"excerpt":{"rendered":"<p>Acabado de poliuretano brillante de dos componentes con alto contenido en s\u00f3lidos formulado para su aplicaci\u00f3n en aeronaves militares, y est\u00e1 dise\u00f1ado<br \/>\npara ofrecer la m\u00e1xima protecci\u00f3n frente a diversos productos qu\u00edmicos<\/p>","protected":false},"featured_media":3495,"comment_status":"open","ping_status":"closed","template":"","meta":{"_acf_changed":false},"product_brand":[22],"product_cat":[29],"product_tag":[],"class_list":{"0":"post-4326","1":"product","2":"type-product","3":"status-publish","4":"has-post-thumbnail","6":"product_brand-akzo-nobel","7":"product_cat-paints-coatings","8":"pa_colour-black","9":"pa_colour-blue","10":"pa_colour-blue-grey-2","11":"pa_colour-clear","12":"pa_colour-green","13":"pa_colour-grey","14":"pa_colour-orange","15":"pa_colour-red","16":"pa_colour-silver","17":"pa_colour-white","18":"pa_colour-yellow","19":"pa_size-1usg","20":"pa_size-2usg","21":"pa_size-32ml","22":"pa_size-60ml","24":"first","25":"instock","26":"shipping-taxable","27":"product-type-simple"},"acf":[],"_links":{"self":[{"href":"https:\/\/eu.addevmaterials-aero.com\/es\/wp-json\/wp\/v2\/product\/4326","targetHints":{"allow":["GET"]}}],"collection":[{"href":"https:\/\/eu.addevmaterials-aero.com\/es\/wp-json\/wp\/v2\/product"}],"about":[{"href":"https:\/\/eu.addevmaterials-aero.com\/es\/wp-json\/wp\/v2\/types\/product"}],"replies":[{"embeddable":true,"href":"https:\/\/eu.addevmaterials-aero.com\/es\/wp-json\/wp\/v2\/comments?post=4326"}],"wp:featuredmedia":[{"embeddable":true,"href":"https:\/\/eu.addevmaterials-aero.com\/es\/wp-json\/wp\/v2\/media\/3495"}],"wp:attachment":[{"href":"https:\/\/eu.addevmaterials-aero.com\/es\/wp-json\/wp\/v2\/media?parent=4326"}],"wp:term":[{"taxonomy":"product_brand","embeddable":true,"href":"https:\/\/eu.addevmaterials-aero.com\/es\/wp-json\/wp\/v2\/product_brand?post=4326"},{"taxonomy":"product_cat","embeddable":true,"href":"https:\/\/eu.addevmaterials-aero.com\/es\/wp-json\/wp\/v2\/product_cat?post=4326"},{"taxonomy":"product_tag","embeddable":true,"href":"https:\/\/eu.addevmaterials-aero.com\/es\/wp-json\/wp\/v2\/product_tag?post=4326"}],"curies":[{"name":"wp","href":"https:\/\/api.w.org\/{rel}","templated":true}]}}