{"id":4295,"date":"2026-02-02T17:20:27","date_gmt":"2026-02-02T17:20:27","guid":{"rendered":"https:\/\/eu.addevmaterials-aero.com\/?post_type=product&#038;p=4295"},"modified":"2026-03-02T17:31:00","modified_gmt":"2026-03-02T17:31:00","slug":"3m-425-cinta-de-papel-de-aluminio","status":"publish","type":"product","link":"https:\/\/eu.addevmaterials-aero.com\/es\/product\/3m-425-aluminium-foil-tape\/","title":{"rendered":"Cinta de papel de aluminio 3M 425"},"content":{"rendered":"","protected":false},"excerpt":{"rendered":"<p>Producto ign\u00edfugo con un \u00edndice de transmisi\u00f3n de vapor de humedad muy bajo, lo que convierte a esta cinta en un sellador eficaz<\/p>","protected":false},"featured_media":3119,"comment_status":"open","ping_status":"closed","template":"","meta":{"_acf_changed":false},"product_brand":[24],"product_cat":[36],"product_tag":[],"class_list":{"0":"post-4295","1":"product","2":"type-product","3":"status-publish","4":"has-post-thumbnail","6":"product_brand-3m","7":"product_cat-tapes","8":"pa_colour-silver","9":"pa_size-102mm-x-55m","10":"pa_size-12mm-x-55m","11":"pa_size-19mm-x-55m","12":"pa_size-25-4mm-x-55m","13":"pa_size-25mm-x-55m","14":"pa_size-2in-x-60yd","15":"pa_size-38-1mm-x-55m","16":"pa_size-38mm-x-55m","17":"pa_size-50mm-x-55m","18":"pa_size-75mm-x-55m","20":"first","21":"instock","22":"shipping-taxable","23":"product-type-simple"},"acf":[],"_links":{"self":[{"href":"https:\/\/eu.addevmaterials-aero.com\/es\/wp-json\/wp\/v2\/product\/4295","targetHints":{"allow":["GET"]}}],"collection":[{"href":"https:\/\/eu.addevmaterials-aero.com\/es\/wp-json\/wp\/v2\/product"}],"about":[{"href":"https:\/\/eu.addevmaterials-aero.com\/es\/wp-json\/wp\/v2\/types\/product"}],"replies":[{"embeddable":true,"href":"https:\/\/eu.addevmaterials-aero.com\/es\/wp-json\/wp\/v2\/comments?post=4295"}],"wp:featuredmedia":[{"embeddable":true,"href":"https:\/\/eu.addevmaterials-aero.com\/es\/wp-json\/wp\/v2\/media\/3119"}],"wp:attachment":[{"href":"https:\/\/eu.addevmaterials-aero.com\/es\/wp-json\/wp\/v2\/media?parent=4295"}],"wp:term":[{"taxonomy":"product_brand","embeddable":true,"href":"https:\/\/eu.addevmaterials-aero.com\/es\/wp-json\/wp\/v2\/product_brand?post=4295"},{"taxonomy":"product_cat","embeddable":true,"href":"https:\/\/eu.addevmaterials-aero.com\/es\/wp-json\/wp\/v2\/product_cat?post=4295"},{"taxonomy":"product_tag","embeddable":true,"href":"https:\/\/eu.addevmaterials-aero.com\/es\/wp-json\/wp\/v2\/product_tag?post=4295"}],"curies":[{"name":"wp","href":"https:\/\/api.w.org\/{rel}","templated":true}]}}