{"id":4292,"date":"2026-02-02T17:20:27","date_gmt":"2026-02-02T17:20:27","guid":{"rendered":"https:\/\/eu.addevmaterials-aero.com\/?post_type=product&#038;p=4292"},"modified":"2026-03-02T19:34:10","modified_gmt":"2026-03-02T19:34:10","slug":"cinta-de-enmascarar-industrial-3m-301e-performance","status":"publish","type":"product","link":"https:\/\/eu.addevmaterials-aero.com\/es\/product\/3m-301e-performance-industrial-masking-tape\/","title":{"rendered":"3M 301E Cinta de enmascarar industrial de alto rendimiento"},"content":{"rendered":"<p>3M\u2122 Performance Industrial Masking Tape 301E es una cinta gruesa de papel crep\u00e9 para aplicaciones industriales con buena resistencia al agua. Ideal para recortar, agrupar, aplicaciones industriales, fijaci\u00f3n, marcado y protecci\u00f3n de diferentes maneras. El rendimiento t\u00e9rmico de este producto permite tanto el secado al aire como el curado en horno de la pintura a temperaturas de hasta un m\u00e1ximo de 100\u00b0C durante 1 hora. Presenta un color gamuza, un adhesivo de caucho y tiene un grosor de 0,150 mm.<\/p>","protected":false},"excerpt":{"rendered":"<p>Cinta de papel crep\u00e9 grueso para aplicaciones industriales con buena resistencia al agua<\/p>","protected":false},"featured_media":3488,"comment_status":"open","ping_status":"closed","template":"","meta":{"_acf_changed":false},"product_brand":[24],"product_cat":[36],"product_tag":[],"class_list":{"0":"post-4292","1":"product","2":"type-product","3":"status-publish","4":"has-post-thumbnail","6":"product_brand-3m","7":"product_cat-tapes","8":"pa_colour-beige","9":"pa_size-18mm-x-50m","10":"pa_size-24mm-x-50m","11":"pa_size-48mm-x-50m","13":"first","14":"instock","15":"shipping-taxable","16":"product-type-simple"},"acf":[],"_links":{"self":[{"href":"https:\/\/eu.addevmaterials-aero.com\/es\/wp-json\/wp\/v2\/product\/4292","targetHints":{"allow":["GET"]}}],"collection":[{"href":"https:\/\/eu.addevmaterials-aero.com\/es\/wp-json\/wp\/v2\/product"}],"about":[{"href":"https:\/\/eu.addevmaterials-aero.com\/es\/wp-json\/wp\/v2\/types\/product"}],"replies":[{"embeddable":true,"href":"https:\/\/eu.addevmaterials-aero.com\/es\/wp-json\/wp\/v2\/comments?post=4292"}],"wp:featuredmedia":[{"embeddable":true,"href":"https:\/\/eu.addevmaterials-aero.com\/es\/wp-json\/wp\/v2\/media\/3488"}],"wp:attachment":[{"href":"https:\/\/eu.addevmaterials-aero.com\/es\/wp-json\/wp\/v2\/media?parent=4292"}],"wp:term":[{"taxonomy":"product_brand","embeddable":true,"href":"https:\/\/eu.addevmaterials-aero.com\/es\/wp-json\/wp\/v2\/product_brand?post=4292"},{"taxonomy":"product_cat","embeddable":true,"href":"https:\/\/eu.addevmaterials-aero.com\/es\/wp-json\/wp\/v2\/product_cat?post=4292"},{"taxonomy":"product_tag","embeddable":true,"href":"https:\/\/eu.addevmaterials-aero.com\/es\/wp-json\/wp\/v2\/product_tag?post=4292"}],"curies":[{"name":"wp","href":"https:\/\/api.w.org\/{rel}","templated":true}]}}