{"id":4056,"date":"2026-01-29T15:45:16","date_gmt":"2026-01-29T15:45:16","guid":{"rendered":"https:\/\/eu.addevmaterials-aero.com\/?page_id=4056"},"modified":"2026-01-29T15:46:48","modified_gmt":"2026-01-29T15:46:48","slug":"condiciones-de-compra","status":"publish","type":"page","link":"https:\/\/eu.addevmaterials-aero.com\/es\/conditions-of-purchase\/","title":{"rendered":"Conditions of purchase"},"content":{"rendered":"<div data-elementor-type=\"wp-page\" data-elementor-id=\"4056\" class=\"elementor elementor-4056\" data-elementor-post-type=\"page\">\n\t\t\t\t<div class=\"elementor-element elementor-element-6f64e90a e-flex e-con-boxed e-con e-parent\" data-id=\"6f64e90a\" data-element_type=\"container\" data-e-type=\"container\">\n\t\t\t\t\t<div class=\"e-con-inner\">\n\t\t\t\t<div class=\"elementor-element elementor-element-5d56253b elementor-widget elementor-widget-text-editor\" data-id=\"5d56253b\" data-element_type=\"widget\" data-e-type=\"widget\" data-widget_type=\"text-editor.default\">\n\t\t\t\t\t\t\t\t\t<p data-start=\"550\" data-end=\"589\"><strong data-start=\"550\" data-end=\"589\">ADDEV Materiales Aeroespacial y Defensa<\/strong><\/p>\n<p data-start=\"591\" data-end=\"655\"><em data-start=\"591\" data-end=\"655\">(Versi\u00f3n para publicaci\u00f3n en el sitio web - basada en FM-009 CWB 6.2022)<\/em><\/p>\n<hr data-start=\"657\" data-end=\"660\" \/>\n<h2 data-start=\"662\" data-end=\"681\">1. Aplicabilidad<\/h2>\n<p data-start=\"683\" data-end=\"880\">Las presentes Condiciones de Compra (\u201cCondiciones\u201d) se aplican a todos los Vendedores que suministren productos o materiales a <strong data-start=\"783\" data-end=\"822\">ADDEV Materiales Aeroespacial y Defensa<\/strong>, ya sea como fabricante, distribuidor o almacenista.<\/p>\n<p data-start=\"882\" data-end=\"1051\">La aceptaci\u00f3n de cualquier orden de compra emitida por ADDEV Materials Aerospace &amp; Defense implica la plena aceptaci\u00f3n de estas Condiciones, salvo que se acuerde expresamente lo contrario por escrito.<\/p>\n<hr data-start=\"1053\" data-end=\"1056\" \/>\n<h2 data-start=\"1058\" data-end=\"1079\">2. Aprobaci\u00f3n de proveedores<\/h2>\n<p data-start=\"1081\" data-end=\"1127\">Normalmente, la aprobaci\u00f3n del vendedor se concede a continuaci\u00f3n:<\/p>\n<ul data-start=\"1128\" data-end=\"1216\">\n<li data-start=\"1128\" data-end=\"1175\">\n<p data-start=\"1130\" data-end=\"1175\">cumplimentaci\u00f3n de un cuestionario para proveedores, y<\/p>\n<\/li>\n<li data-start=\"1176\" data-end=\"1216\">\n<p data-start=\"1178\" data-end=\"1216\">aceptaci\u00f3n formal de las presentes Condiciones.<\/p>\n<\/li>\n<\/ul>\n<p data-start=\"1218\" data-end=\"1389\">ADDEV Materials Aerospace &amp; Defense se reserva el derecho de realizar auditor\u00edas de calidad, evaluaciones o cualquier otra forma de evaluaci\u00f3n en las instalaciones del Vendedor, a su discreci\u00f3n.<\/p>\n<hr data-start=\"1391\" data-end=\"1394\" \/>\n<h2 data-start=\"1396\" data-end=\"1432\">3. Requisitos de garant\u00eda de calidad<\/h2>\n<p data-start=\"1434\" data-end=\"1631\">Adem\u00e1s de las presentes Condiciones, el Vendedor deber\u00e1 cumplir todos los requisitos de calidad especificados en la orden de compra, incluidas las especificaciones, normas o modificaciones posteriores a las que se haga referencia.<\/p>\n<hr data-start=\"1633\" data-end=\"1636\" \/>\n<h2 data-start=\"1638\" data-end=\"1656\">4. Trazabilidad<\/h2>\n<p data-start=\"1658\" data-end=\"1778\">Todos los materiales suministrados deben ser <strong data-start=\"1689\" data-end=\"1721\">lote trazable hasta la fuente<\/strong>, excepto para consumibles espec\u00edficos cuando se acuerde lo contrario.<\/p>\n<p data-start=\"1780\" data-end=\"1797\">El Vendedor deber\u00e1:<\/p>\n<ul data-start=\"1798\" data-end=\"2016\">\n<li data-start=\"1798\" data-end=\"1890\">\n<p data-start=\"1800\" data-end=\"1890\">mantener registros que permitan rastrear todos los materiales utilizados en cada lote hasta el proveedor original,<\/p>\n<\/li>\n<li data-start=\"1891\" data-end=\"1951\">\n<p data-start=\"1893\" data-end=\"1951\">conservar dichos registros durante un <strong data-start=\"1919\" data-end=\"1948\">m\u00ednimo de diez (10) a\u00f1os<\/strong>,<\/p>\n<\/li>\n<li data-start=\"1952\" data-end=\"2016\">\n<p data-start=\"1954\" data-end=\"2016\">proporcionar copias de los registros previa solicitud, sin coste adicional.<\/p>\n<\/li>\n<\/ul>\n<p data-start=\"2018\" data-end=\"2082\">Los registros deben protegerse contra el deterioro, la p\u00e9rdida o los da\u00f1os.<\/p>\n<p data-start=\"2084\" data-end=\"2221\">En caso de cese de la actividad, todos los registros se transferir\u00e1n a ADDEV Materials Aerospace &amp; Defense antes del cierre, sin coste alguno.<\/p>\n<hr data-start=\"2223\" data-end=\"2226\" \/>\n<h2 data-start=\"2228\" data-end=\"2253\">5. Cambios en el material<\/h2>\n<p data-start=\"2255\" data-end=\"2269\">Cualquier cambio en:<\/p>\n<ul data-start=\"2270\" data-end=\"2363\">\n<li data-start=\"2270\" data-end=\"2286\">\n<p data-start=\"2272\" data-end=\"2286\">formulaci\u00f3n,<\/p>\n<\/li>\n<li data-start=\"2287\" data-end=\"2305\">\n<p data-start=\"2289\" data-end=\"2305\">materias primas,<\/p>\n<\/li>\n<li data-start=\"2306\" data-end=\"2335\">\n<p data-start=\"2308\" data-end=\"2335\">proceso de fabricaci\u00f3n, o<\/p>\n<\/li>\n<li data-start=\"2336\" data-end=\"2363\">\n<p data-start=\"2338\" data-end=\"2363\">caracter\u00edsticas del producto<\/p>\n<\/li>\n<\/ul>\n<p data-start=\"2365\" data-end=\"2460\">debe ser <strong data-start=\"2373\" data-end=\"2407\">notificado por escrito con antelaci\u00f3n<\/strong> y aprobado por ADDEV Materials Aerospace &amp; Defense.<\/p>\n<hr data-start=\"2462\" data-end=\"2465\" \/>\n<h2 data-start=\"2467\" data-end=\"2502\">6. Desviaci\u00f3n del pedido<\/h2>\n<p data-start=\"2504\" data-end=\"2594\">No se aceptar\u00e1 ninguna desviaci\u00f3n de la orden de compra sin <strong data-start=\"2567\" data-end=\"2593\">aprobaci\u00f3n previa por escrito<\/strong>.<\/p>\n<p data-start=\"2596\" data-end=\"2826\">Si el Vendedor no puede cumplir alg\u00fan requisito (incluida la caducidad), se deber\u00e1 informar inmediatamente a ADDEV Materials Compras Aeroespacial y Defensa.<br data-start=\"2744\" data-end=\"2747\" \/>Cualquier desviaci\u00f3n aceptada se confirmar\u00e1 normalmente mediante una orden de compra modificada.<\/p>\n<hr data-start=\"2828\" data-end=\"2831\" \/>\n<h2 data-start=\"2833\" data-end=\"2860\">7. Documentaci\u00f3n de liberaci\u00f3n<\/h2>\n<p data-start=\"2862\" data-end=\"2973\">Cada entrega debe ir acompa\u00f1ada de <strong data-start=\"2901\" data-end=\"2950\">documento de aptitud o certificado de conformidad<\/strong>, incluyendo como m\u00ednimo:<\/p>\n<ul data-start=\"2975\" data-end=\"3289\">\n<li data-start=\"2975\" data-end=\"3004\">\n<p data-start=\"2977\" data-end=\"3004\">Referencia \u00fanica del documento<\/p>\n<\/li>\n<li data-start=\"3005\" data-end=\"3032\">\n<p data-start=\"3007\" data-end=\"3032\">Nombre y direcci\u00f3n del vendedor<\/p>\n<\/li>\n<li data-start=\"3033\" data-end=\"3090\">\n<p data-start=\"3035\" data-end=\"3090\">Nombre o firma del firmante autorizado de la liberaci\u00f3n<\/p>\n<\/li>\n<li data-start=\"3091\" data-end=\"3158\">\n<p data-start=\"3093\" data-end=\"3158\">Nombre y direcci\u00f3n del cliente (ADDEV Materials Aerospace &amp; Defense)<\/p>\n<\/li>\n<li data-start=\"3159\" data-end=\"3184\">\n<p data-start=\"3161\" data-end=\"3184\">N\u00famero de pedido<\/p>\n<\/li>\n<li data-start=\"3185\" data-end=\"3203\">\n<p data-start=\"3187\" data-end=\"3203\">Referencia del art\u00edculo<\/p>\n<\/li>\n<li data-start=\"3204\" data-end=\"3225\">\n<p data-start=\"3206\" data-end=\"3225\">Cantidad suministrada<\/p>\n<\/li>\n<li data-start=\"3226\" data-end=\"3248\">\n<p data-start=\"3228\" data-end=\"3248\">N\u00famero de lote<\/p>\n<\/li>\n<li data-start=\"3249\" data-end=\"3289\">\n<p data-start=\"3251\" data-end=\"3289\">Especificaci\u00f3n o norma aplicable<\/p>\n<\/li>\n<\/ul>\n<p data-start=\"3291\" data-end=\"3332\">Debe incluirse la siguiente declaraci\u00f3n:<\/p>\n<blockquote data-start=\"3334\" data-end=\"3520\">\n<p data-start=\"3336\" data-end=\"3520\"><em data-start=\"3336\" data-end=\"3520\">\u201cCertifico que la totalidad de los suministros detallados en el presente documento han sido inspeccionados y, salvo que se indique lo contrario en el mismo, se ajustan en todos sus aspectos a los requisitos de la orden de compra.\u201d<\/em><\/p>\n<\/blockquote>\n<p data-start=\"3522\" data-end=\"3629\">Cuando el Vendedor aplique un Sistema de Gesti\u00f3n de la Calidad certificado, se indicar\u00e1 la referencia del certificado.<\/p>\n<hr data-start=\"3631\" data-end=\"3634\" \/>\n<h2 data-start=\"3636\" data-end=\"3656\">8. Especificaciones<\/h2>\n<p data-start=\"3658\" data-end=\"3791\">Cuando as\u00ed se especifique en la orden de compra, los materiales deben probarse y liberarse de acuerdo con la especificaci\u00f3n o norma indicada.<\/p>\n<p data-start=\"3793\" data-end=\"3919\">Cualquier desviaci\u00f3n deber\u00e1 acordarse por escrito con el <strong data-start=\"3842\" data-end=\"3900\">Departamento de Calidad Aeroespacial y Defensa de ADDEV Materials<\/strong> antes del env\u00edo.<\/p>\n<hr data-start=\"3921\" data-end=\"3924\" \/>\n<h2 data-start=\"3926\" data-end=\"3960\">9. Embalaje e identificaci\u00f3n<\/h2>\n<p data-start=\"3962\" data-end=\"4061\">El Vendedor deber\u00e1 cumplir todos los requisitos de embalaje y etiquetado indicados en la orden de compra.<\/p>\n<p data-start=\"4063\" data-end=\"4204\">Cuando no se establezcan requisitos espec\u00edficos, el embalaje deber\u00e1 ser suficiente para proteger completamente el material durante el transporte, el almacenamiento y la manipulaci\u00f3n.<\/p>\n<hr data-start=\"4206\" data-end=\"4209\" \/>\n<h2 data-start=\"4211\" data-end=\"4250\">10. Vigilancia y derecho de acceso<\/h2>\n<p data-start=\"4252\" data-end=\"4320\">ADDEV Materials Aerospace &amp; Defense se reserva el derecho de acceso a:<\/p>\n<ul data-start=\"4321\" data-end=\"4377\">\n<li data-start=\"4321\" data-end=\"4350\">\n<p data-start=\"4323\" data-end=\"4350\">inspeccionar materiales, y\/o<\/p>\n<\/li>\n<li data-start=\"4351\" data-end=\"4377\">\n<p data-start=\"4353\" data-end=\"4377\">revisar los registros de calidad<\/p>\n<\/li>\n<\/ul>\n<p data-start=\"4379\" data-end=\"4404\">en los locales del Vendedor.<\/p>\n<p data-start=\"4406\" data-end=\"4537\">Este derecho de acceso tambi\u00e9n se extender\u00e1 a los clientes de ADDEV Materials Aerospace &amp; Defense y a las autoridades reguladoras aplicables.<\/p>\n<hr data-start=\"4539\" data-end=\"4542\" \/>\n<h2 data-start=\"4544\" data-end=\"4584\">11. Cambios en la ubicaci\u00f3n de la fabricaci\u00f3n<\/h2>\n<p data-start=\"4586\" data-end=\"4768\">Cualquier cambio temporal o permanente del lugar de fabricaci\u00f3n debe ser <strong data-start=\"4658\" data-end=\"4681\">notificado por escrito<\/strong> al Departamento de Calidad Aeroespacial y Defensa de ADDEV Materials antes de su aplicaci\u00f3n.<\/p>\n<hr data-start=\"4770\" data-end=\"4773\" \/>\n<h2 data-start=\"4775\" data-end=\"4807\">12. Flujo de requisitos<\/h2>\n<p data-start=\"4809\" data-end=\"4990\">El Vendedor garantizar\u00e1 que todos los requisitos aplicables contenidos en las presentes Condiciones, incluidos los derechos de acceso, sean <strong data-start=\"4929\" data-end=\"4944\">flu\u00eda hacia abajo<\/strong> a todos los subproveedores y subcontratistas.<\/p>\n<hr data-start=\"4992\" data-end=\"4995\" \/>\n<h2 data-start=\"4997\" data-end=\"5035\">13. REACH y cumplimiento de la normativa<\/h2>\n<p data-start=\"5037\" data-end=\"5125\">Los vendedores son responsables de garantizar el pleno cumplimiento de <strong data-start=\"5095\" data-end=\"5124\">Normativa REACH y CLP<\/strong>.<\/p>\n<p data-start=\"5127\" data-end=\"5203\">Cada producto debe ir acompa\u00f1ado de un <strong data-start=\"5175\" data-end=\"5202\">Ficha de datos de seguridad (FDS)<\/strong>:<\/p>\n<ul data-start=\"5204\" data-end=\"5261\">\n<li data-start=\"5204\" data-end=\"5230\">\n<p data-start=\"5206\" data-end=\"5230\">en la primera entrega, y<\/p>\n<\/li>\n<li data-start=\"5231\" data-end=\"5261\">\n<p data-start=\"5233\" data-end=\"5261\">cada vez que se actualice la FDS.<\/p>\n<\/li>\n<\/ul>\n<hr data-start=\"5263\" data-end=\"5266\" \/>\n<h2 data-start=\"5268\" data-end=\"5318\">14. Piezas falsificadas y presuntamente falsificadas<\/h2>\n<p data-start=\"5320\" data-end=\"5413\">El Vendedor garantiza que <strong data-start=\"5345\" data-end=\"5394\">ninguna pieza falsificada o sospechosa de falsificaci\u00f3n<\/strong> se suministrar\u00e1.<\/p>\n<p data-start=\"5415\" data-end=\"5432\">El Vendedor deber\u00e1:<\/p>\n<ul data-start=\"5433\" data-end=\"5660\">\n<li data-start=\"5433\" data-end=\"5488\">\n<p data-start=\"5435\" data-end=\"5488\">mantener la trazabilidad hasta el fabricante original,<\/p>\n<\/li>\n<li data-start=\"5489\" data-end=\"5550\">\n<p data-start=\"5491\" data-end=\"5550\">hacer fluir estos requisitos a lo largo de su cadena de suministro,<\/p>\n<\/li>\n<li data-start=\"5551\" data-end=\"5660\">\n<p data-start=\"5553\" data-end=\"5660\">notificar inmediatamente a ADDEV Materials Aerospace &amp; Defense el descubrimiento o la sospecha de suministros falsificados.<\/p>\n<\/li>\n<\/ul>\n<p data-start=\"5662\" data-end=\"5810\">El Vendedor se asegurar\u00e1 de que todo el personal implicado sea consciente de las posibles <strong data-start=\"5732\" data-end=\"5756\">responsabilidades penales<\/strong> relacionados con falsificaci\u00f3n, fraude o tergiversaci\u00f3n.<\/p>\n<hr data-start=\"5812\" data-end=\"5815\" \/>\n<h2 data-start=\"5817\" data-end=\"5839\">15. 15. Conducta \u00e9tica<\/h2>\n<p data-start=\"5841\" data-end=\"5909\">Todos los vendedores deben cumplir las normas m\u00e1s estrictas de conducta \u00e9tica.<\/p>\n<p data-start=\"5911\" data-end=\"6015\">Los vendedores mantendr\u00e1n un <strong data-start=\"5936\" data-end=\"5962\">C\u00f3digo \u00c9tico escrito<\/strong>, comunicada a todos los empleados, que cubra como m\u00ednimo:<\/p>\n<ul data-start=\"6016\" data-end=\"6259\">\n<li data-start=\"6016\" data-end=\"6038\">\n<p data-start=\"6018\" data-end=\"6038\">Integridad empresarial<\/p>\n<\/li>\n<li data-start=\"6039\" data-end=\"6078\">\n<p data-start=\"6041\" data-end=\"6078\">Confidencialidad y protecci\u00f3n de datos<\/p>\n<\/li>\n<li data-start=\"6079\" data-end=\"6108\">\n<p data-start=\"6081\" data-end=\"6108\">Protecci\u00f3n de los denunciantes<\/p>\n<\/li>\n<li data-start=\"6109\" data-end=\"6134\">\n<p data-start=\"6111\" data-end=\"6134\">Propiedad intelectual<\/p>\n<\/li>\n<li data-start=\"6135\" data-end=\"6170\">\n<p data-start=\"6137\" data-end=\"6170\">Responsabilidad social de las empresas<\/p>\n<\/li>\n<li data-start=\"6171\" data-end=\"6211\">\n<p data-start=\"6173\" data-end=\"6211\">Esclavitud moderna y trata de seres humanos<\/p>\n<\/li>\n<li data-start=\"6212\" data-end=\"6259\">\n<p data-start=\"6214\" data-end=\"6259\">Salud, seguridad y protecci\u00f3n del medio ambiente<\/p>\n<\/li>\n<\/ul>\n<p data-start=\"6261\" data-end=\"6350\">ADDEV Materials Aerospace &amp; Defense se reserva el derecho de solicitar pruebas de cumplimiento.<\/p>\n<hr data-start=\"6352\" data-end=\"6355\" \/>\n<h2 data-start=\"6357\" data-end=\"6378\">16. Seguridad de los productos<\/h2>\n<p data-start=\"6380\" data-end=\"6517\">Todos los productos suministrados deben ser seguros para el uso previsto y no deben presentar riesgos inaceptables para las personas, los bienes o el medio ambiente.<\/p>\n<hr data-start=\"6519\" data-end=\"6522\" \/>\n<h2 data-start=\"6524\" data-end=\"6546\">17. Condiciones generales<\/h2>\n<p data-start=\"6548\" data-end=\"6721\">Las presentes Condiciones de Compra forman parte integrante de todas las \u00f3rdenes de compra emitidas por ADDEV Materials Aerospace &amp; Defense y prevalecer\u00e1n salvo que se acuerde lo contrario por escrito.<\/p>\t\t\t\t\t\t\t\t<\/div>\n\t\t\t\t\t<\/div>\n\t\t\t\t<\/div>\n\t\t\t\t<\/div>","protected":false},"excerpt":{"rendered":"<p>ADDEV Materials Aerospace &amp; Defense (Version for website publication \u2013 based on FM-009 CWB 6.2022) 1. Applicability These Conditions of Purchase (\u201cConditions\u201d) apply to all Vendors supplying products or materials to ADDEV Materials Aerospace &amp; Defense, whether acting as Manufacturer, Distributor or Stockist. Acceptance of any purchase order issued by ADDEV Materials Aerospace &amp; Defense [&hellip;]<\/p>\n","protected":false},"author":3,"featured_media":0,"parent":0,"menu_order":0,"comment_status":"closed","ping_status":"closed","template":"","meta":{"_acf_changed":false,"footnotes":""},"class_list":["post-4056","page","type-page","status-publish","hentry"],"acf":[],"_links":{"self":[{"href":"https:\/\/eu.addevmaterials-aero.com\/es\/wp-json\/wp\/v2\/pages\/4056","targetHints":{"allow":["GET"]}}],"collection":[{"href":"https:\/\/eu.addevmaterials-aero.com\/es\/wp-json\/wp\/v2\/pages"}],"about":[{"href":"https:\/\/eu.addevmaterials-aero.com\/es\/wp-json\/wp\/v2\/types\/page"}],"author":[{"embeddable":true,"href":"https:\/\/eu.addevmaterials-aero.com\/es\/wp-json\/wp\/v2\/users\/3"}],"replies":[{"embeddable":true,"href":"https:\/\/eu.addevmaterials-aero.com\/es\/wp-json\/wp\/v2\/comments?post=4056"}],"version-history":[{"count":4,"href":"https:\/\/eu.addevmaterials-aero.com\/es\/wp-json\/wp\/v2\/pages\/4056\/revisions"}],"predecessor-version":[{"id":4060,"href":"https:\/\/eu.addevmaterials-aero.com\/es\/wp-json\/wp\/v2\/pages\/4056\/revisions\/4060"}],"wp:attachment":[{"href":"https:\/\/eu.addevmaterials-aero.com\/es\/wp-json\/wp\/v2\/media?parent=4056"}],"curies":[{"name":"wp","href":"https:\/\/api.w.org\/{rel}","templated":true}]}}