{"id":4049,"date":"2026-01-29T15:13:10","date_gmt":"2026-01-29T15:13:10","guid":{"rendered":"https:\/\/eu.addevmaterials-aero.com\/?page_id=4049"},"modified":"2026-01-29T15:16:30","modified_gmt":"2026-01-29T15:16:30","slug":"avisos-legales","status":"publish","type":"page","link":"https:\/\/eu.addevmaterials-aero.com\/es\/legal-notices\/","title":{"rendered":"LEGAL NOTICES"},"content":{"rendered":"<div data-elementor-type=\"wp-page\" data-elementor-id=\"4049\" class=\"elementor elementor-4049\" data-elementor-post-type=\"page\">\n\t\t\t\t<div class=\"elementor-element elementor-element-6f64e90a e-flex e-con-boxed e-con e-parent\" data-id=\"6f64e90a\" data-element_type=\"container\" data-e-type=\"container\">\n\t\t\t\t\t<div class=\"e-con-inner\">\n\t\t\t\t<div class=\"elementor-element elementor-element-5d56253b elementor-widget elementor-widget-text-editor\" data-id=\"5d56253b\" data-element_type=\"widget\" data-e-type=\"widget\" data-widget_type=\"text-editor.default\">\n\t\t\t\t\t\t\t\t\t\n<p>En vigor<\/p>\n\n\n\n<p>De conformidad con los art\u00edculos 6-III y 19 de la Ley francesa n\u00ba 2004-575 de 21 de junio de 2004 para la Confianza en la Econom\u00eda Digital (LCEN), los usuarios del sitio web <strong>eu.addevmaterials-aero.com<\/strong> quedan informados del presente aviso legal.<\/p>\n\n\n\n<hr class=\"wp-block-separator has-alpha-channel-opacity\"\/>\n\n\n\n<h2 class=\"wp-block-heading\">ART\u00cdCULO 1 - EDITOR<\/h2>\n\n\n\n<p>El sitio web <strong>eu.addevmaterials-aero.com<\/strong> es publicado por:<\/p>\n\n\n\n<p><strong>ADDEV Materiales SAS<\/strong><br>Una sociedad por acciones simplificada (SAS) con un capital social de 1,5 millones de euros. <strong>\u20ac38,322,519<\/strong><br>Inscrita en el Registro Mercantil y de Sociedades (RCS) de <strong>Lyon<\/strong> bajo n\u00famero <strong>820 724 508<\/strong><\/p>\n\n\n\n<p>Domicilio social:<br><strong>30 quai Perrache, 69002 Lyon, Francia<\/strong><\/p>\n\n\n\n<p>Tel\u00e9fono:<br><strong>+33 (0)4 72 11 35 00<\/strong><\/p>\n\n\n\n<p>Direcci\u00f3n de correo electr\u00f3nico:<br><strong><a>contact@addevmaterials.com<\/a><\/strong><\/p>\n\n\n\n<p>N\u00famero de IVA de la UE:<br><strong>FR32820724508<\/strong><\/p>\n\n\n\n<p>Director de la publicaci\u00f3n:<br><strong>Marie BLANCHARD-BRUNEL<\/strong>, actuando como representante legal.<\/p>\n\n\n\n<hr class=\"wp-block-separator has-alpha-channel-opacity\"\/>\n\n\n\n<h2 class=\"wp-block-heading\">ART\u00cdCULO 2 - ALOJAMIENTO<\/h2>\n\n\n\n<p>El sitio web est\u00e1 alojado en:<\/p>\n\n\n\n<p><strong>Red Infomaniak SA<\/strong><br>Rue Eug\u00e8ne-Marziano 25<br>1227 Les Acacias<br>Ginebra, Suiza<\/p>\n\n\n\n<p>Tel\u00e9fono:<br><strong>+41 22 820 35 44<\/strong><\/p>\n\n\n\n<p>P\u00e1gina web:<br><strong><a href=\"https:\/\/www.infomaniak.com\" target=\"_blank\" rel=\"noopener\">https:\/\/www.infomaniak.com<\/a><\/strong><\/p>\n\n\n\n<hr class=\"wp-block-separator has-alpha-channel-opacity\"\/>\n\n\n\n<h2 class=\"wp-block-heading\">ART\u00cdCULO 3 - ACCESO AL SITIO WEB<\/h2>\n\n\n\n<p>El sitio web es accesible 24 horas al d\u00eda, 7 d\u00edas a la semana, salvo en casos de fuerza mayor, interrupciones programadas o imprevistas u operaciones de mantenimiento.<\/p>\n\n\n\n<p>El editor no se hace responsable de la interrupci\u00f3n, suspensi\u00f3n o mal funcionamiento del sitio web, sea cual sea la causa.<\/p>\n\n\n\n<hr class=\"wp-block-separator has-alpha-channel-opacity\"\/>\n\n\n\n<h2 class=\"wp-block-heading\">ART\u00cdCULO 4 - PROPIEDAD INTELECTUAL<\/h2>\n\n\n\n<p>Todos los contenidos disponibles en el sitio web <strong>eu.addevmaterials-aero.com<\/strong>, El contenido de este sitio web, incluidos, entre otros, textos, im\u00e1genes, gr\u00e1ficos, logotipos, iconos, v\u00eddeos, documentos t\u00e9cnicos y bases de datos, est\u00e1 protegido por las leyes de propiedad intelectual y es propiedad exclusiva de ADDEV Materials SAS o de sus socios.<\/p>\n\n\n\n<p>Queda prohibida cualquier reproducci\u00f3n, representaci\u00f3n, modificaci\u00f3n, publicaci\u00f3n o adaptaci\u00f3n, total o parcial, de estos elementos, por cualquier medio o procedimiento, sin la autorizaci\u00f3n previa por escrito de ADDEV Materials SAS.<\/p>\n\n\n\n<hr class=\"wp-block-separator has-alpha-channel-opacity\"\/>\n\n\n\n<h2 class=\"wp-block-heading\">ART\u00cdCULO 5 - RESPONSABILIDAD<\/h2>\n\n\n\n<p>ADDEV Materials SAS hace todo lo posible para garantizar que la informaci\u00f3n publicada en el sitio web sea exacta y est\u00e9 actualizada. Sin embargo, el editor no se hace responsable de:<\/p>\n\n\n\n<ul class=\"wp-block-list\">\n<li>cualquier error u omisi\u00f3n,<\/li>\n\n\n\n<li>indisponibilidad temporal del sitio web,<\/li>\n\n\n\n<li>da\u00f1os directos o indirectos derivados del acceso al sitio web o de su uso.<\/li>\n<\/ul>\n\n\n\n<hr class=\"wp-block-separator has-alpha-channel-opacity\"\/>\n\n\n\n<h2 class=\"wp-block-heading\">ART\u00cdCULO 6 - LEY APLICABLE Y JURISDICCI\u00d3N<\/h2>\n\n\n\n<p>El presente aviso legal se rige por la legislaci\u00f3n francesa.<br>En caso de litigio y a falta de soluci\u00f3n amistosa, los tribunales competentes ser\u00e1n los de la jurisdicci\u00f3n del domicilio social de ADDEV Materials SAS.<\/p>\n\n\n\n<hr class=\"wp-block-separator has-alpha-channel-opacity\"\/>\n\n\n\n<h2 class=\"wp-block-heading\">ACTUALIZACI\u00d3N<\/h2>\n\n\n\n<p>Estos avisos legales podr\u00e1n ser modificados en cualquier momento para garantizar el cumplimiento de la legislaci\u00f3n aplicable.<\/p>\n\n\n\n<p><\/p>\n\t\t\t\t\t\t\t\t<\/div>\n\t\t\t\t\t<\/div>\n\t\t\t\t<\/div>\n\t\t\t\t<\/div>","protected":false},"excerpt":{"rendered":"<p>In force In accordance with Articles 6-III and 19 of French Law No. 2004-575 of 21 June 2004 for Confidence in the Digital Economy (LCEN), users of the website eu.addevmaterials-aero.com are hereby informed of the present legal notice. ARTICLE 1 \u2013 PUBLISHER The website eu.addevmaterials-aero.com is published by: ADDEV Materials SASA simplified joint-stock company (SAS) [&hellip;]<\/p>\n","protected":false},"author":3,"featured_media":0,"parent":0,"menu_order":0,"comment_status":"closed","ping_status":"closed","template":"","meta":{"_acf_changed":false,"footnotes":""},"class_list":["post-4049","page","type-page","status-publish","hentry"],"acf":[],"_links":{"self":[{"href":"https:\/\/eu.addevmaterials-aero.com\/es\/wp-json\/wp\/v2\/pages\/4049","targetHints":{"allow":["GET"]}}],"collection":[{"href":"https:\/\/eu.addevmaterials-aero.com\/es\/wp-json\/wp\/v2\/pages"}],"about":[{"href":"https:\/\/eu.addevmaterials-aero.com\/es\/wp-json\/wp\/v2\/types\/page"}],"author":[{"embeddable":true,"href":"https:\/\/eu.addevmaterials-aero.com\/es\/wp-json\/wp\/v2\/users\/3"}],"replies":[{"embeddable":true,"href":"https:\/\/eu.addevmaterials-aero.com\/es\/wp-json\/wp\/v2\/comments?post=4049"}],"version-history":[{"count":4,"href":"https:\/\/eu.addevmaterials-aero.com\/es\/wp-json\/wp\/v2\/pages\/4049\/revisions"}],"predecessor-version":[{"id":4054,"href":"https:\/\/eu.addevmaterials-aero.com\/es\/wp-json\/wp\/v2\/pages\/4049\/revisions\/4054"}],"wp:attachment":[{"href":"https:\/\/eu.addevmaterials-aero.com\/es\/wp-json\/wp\/v2\/media?parent=4049"}],"curies":[{"name":"wp","href":"https:\/\/api.w.org\/{rel}","templated":true}]}}