{"id":5648,"date":"2026-04-28T09:23:55","date_gmt":"2026-04-28T09:23:55","guid":{"rendered":"https:\/\/eu.addevmaterials-aero.com\/?post_type=product&#038;p=5648"},"modified":"2026-04-29T21:57:19","modified_gmt":"2026-04-29T21:57:19","slug":"ppg-desothane-hs-ca8360","status":"publish","type":"product","link":"https:\/\/eu.addevmaterials-aero.com\/de\/product\/ppg-desothane-hs-ca8360\/","title":{"rendered":"PPG Desothane HS CA8360"},"content":{"rendered":"","protected":false},"excerpt":{"rendered":"<p>Ein hochbest\u00e4ndiger Polyurethan-Decklack, der sowohl f\u00fcr die Innenbeschichtung von Flugzeugbauteilen als auch f\u00fcr die Au\u00dfenbeschichtung von Milit\u00e4rflugzeugen und landgest\u00fctzten Verteidigungsanlagen geeignet ist.<\/p>","protected":false},"featured_media":5729,"comment_status":"open","ping_status":"closed","template":"","meta":{"_acf_changed":false},"product_brand":[23],"product_cat":[1000],"product_tag":[],"class_list":{"0":"post-5648","1":"product","2":"type-product","3":"status-publish","4":"has-post-thumbnail","6":"product_brand-ppg","7":"product_cat-topcoat","8":"pa_colour-black","9":"pa_colour-green","10":"pa_colour-grey","11":"pa_colour-white","12":"pa_colour-yellow","13":"pa_colour-yellow-brown","14":"pa_size-3l-5l","16":"first","17":"instock","18":"shipping-taxable","19":"product-type-simple"},"acf":[],"_links":{"self":[{"href":"https:\/\/eu.addevmaterials-aero.com\/de\/wp-json\/wp\/v2\/product\/5648","targetHints":{"allow":["GET"]}}],"collection":[{"href":"https:\/\/eu.addevmaterials-aero.com\/de\/wp-json\/wp\/v2\/product"}],"about":[{"href":"https:\/\/eu.addevmaterials-aero.com\/de\/wp-json\/wp\/v2\/types\/product"}],"replies":[{"embeddable":true,"href":"https:\/\/eu.addevmaterials-aero.com\/de\/wp-json\/wp\/v2\/comments?post=5648"}],"wp:featuredmedia":[{"embeddable":true,"href":"https:\/\/eu.addevmaterials-aero.com\/de\/wp-json\/wp\/v2\/media\/5729"}],"wp:attachment":[{"href":"https:\/\/eu.addevmaterials-aero.com\/de\/wp-json\/wp\/v2\/media?parent=5648"}],"wp:term":[{"taxonomy":"product_brand","embeddable":true,"href":"https:\/\/eu.addevmaterials-aero.com\/de\/wp-json\/wp\/v2\/product_brand?post=5648"},{"taxonomy":"product_cat","embeddable":true,"href":"https:\/\/eu.addevmaterials-aero.com\/de\/wp-json\/wp\/v2\/product_cat?post=5648"},{"taxonomy":"product_tag","embeddable":true,"href":"https:\/\/eu.addevmaterials-aero.com\/de\/wp-json\/wp\/v2\/product_tag?post=5648"}],"curies":[{"name":"wp","href":"https:\/\/api.w.org\/{rel}","templated":true}]}}