{"id":5632,"date":"2026-04-28T09:23:52","date_gmt":"2026-04-28T09:23:52","guid":{"rendered":"https:\/\/eu.addevmaterials-aero.com\/?post_type=product&#038;p=5632"},"modified":"2026-04-29T21:43:51","modified_gmt":"2026-04-29T21:43:51","slug":"zip-chem-accu-cool-342","status":"publish","type":"product","link":"https:\/\/eu.addevmaterials-aero.com\/de\/product\/zip-chem-accu-cool-342\/","title":{"rendered":"Zip-Chem Accu-Cool 342"},"content":{"rendered":"","protected":false},"excerpt":{"rendered":"<p>Eine W\u00e4rme\u00fcbertragungsfl\u00fcssigkeit, die speziell f\u00fcr den Einsatz in der Boeing 787 entwickelt wurde<\/p>","protected":false},"featured_media":5715,"comment_status":"open","ping_status":"closed","template":"","meta":{"_acf_changed":false},"product_brand":[1001],"product_cat":[32],"product_tag":[],"class_list":{"0":"post-5632","1":"product","2":"type-product","3":"status-publish","4":"has-post-thumbnail","6":"product_brand-zipchem","7":"product_cat-specialty-chemicals","8":"pa_size-1usg","9":"pa_size-330usg","10":"pa_size-55usg","11":"pa_size-5usg","13":"first","14":"instock","15":"shipping-taxable","16":"product-type-simple"},"acf":[],"_links":{"self":[{"href":"https:\/\/eu.addevmaterials-aero.com\/de\/wp-json\/wp\/v2\/product\/5632","targetHints":{"allow":["GET"]}}],"collection":[{"href":"https:\/\/eu.addevmaterials-aero.com\/de\/wp-json\/wp\/v2\/product"}],"about":[{"href":"https:\/\/eu.addevmaterials-aero.com\/de\/wp-json\/wp\/v2\/types\/product"}],"replies":[{"embeddable":true,"href":"https:\/\/eu.addevmaterials-aero.com\/de\/wp-json\/wp\/v2\/comments?post=5632"}],"wp:featuredmedia":[{"embeddable":true,"href":"https:\/\/eu.addevmaterials-aero.com\/de\/wp-json\/wp\/v2\/media\/5715"}],"wp:attachment":[{"href":"https:\/\/eu.addevmaterials-aero.com\/de\/wp-json\/wp\/v2\/media?parent=5632"}],"wp:term":[{"taxonomy":"product_brand","embeddable":true,"href":"https:\/\/eu.addevmaterials-aero.com\/de\/wp-json\/wp\/v2\/product_brand?post=5632"},{"taxonomy":"product_cat","embeddable":true,"href":"https:\/\/eu.addevmaterials-aero.com\/de\/wp-json\/wp\/v2\/product_cat?post=5632"},{"taxonomy":"product_tag","embeddable":true,"href":"https:\/\/eu.addevmaterials-aero.com\/de\/wp-json\/wp\/v2\/product_tag?post=5632"}],"curies":[{"name":"wp","href":"https:\/\/api.w.org\/{rel}","templated":true}]}}