{"id":4483,"date":"2026-02-02T17:21:52","date_gmt":"2026-02-02T17:21:52","guid":{"rendered":"https:\/\/eu.addevmaterials-aero.com\/?post_type=product&#038;p=4483"},"modified":"2026-03-02T17:31:49","modified_gmt":"2026-03-02T17:31:49","slug":"syensqo-dapco-2200","status":"publish","type":"product","link":"https:\/\/eu.addevmaterials-aero.com\/de\/product\/syensqo-dapco-2200\/","title":{"rendered":"Syensqo DAPCO 2200"},"content":{"rendered":"","protected":false},"excerpt":{"rendered":"<p>Eine klebende, l\u00f6sungsmittelfreie, thixotrope Zweikomponenten-Silikonpaste, die am h\u00e4ufigsten als Beschichtung, Dichtungsmasse oder F\u00fcllmaterial verwendet wird<\/p>","protected":false},"featured_media":3573,"comment_status":"open","ping_status":"closed","template":"","meta":{"_acf_changed":false},"product_brand":[84],"product_cat":[28],"product_tag":[],"class_list":{"0":"post-4483","1":"product","2":"type-product","3":"status-publish","4":"has-post-thumbnail","6":"product_brand-syensqo","7":"product_cat-sealants","8":"pa_size-2-5oz","9":"pa_size-6oz","11":"first","12":"instock","13":"shipping-taxable","14":"product-type-simple"},"acf":[],"_links":{"self":[{"href":"https:\/\/eu.addevmaterials-aero.com\/de\/wp-json\/wp\/v2\/product\/4483","targetHints":{"allow":["GET"]}}],"collection":[{"href":"https:\/\/eu.addevmaterials-aero.com\/de\/wp-json\/wp\/v2\/product"}],"about":[{"href":"https:\/\/eu.addevmaterials-aero.com\/de\/wp-json\/wp\/v2\/types\/product"}],"replies":[{"embeddable":true,"href":"https:\/\/eu.addevmaterials-aero.com\/de\/wp-json\/wp\/v2\/comments?post=4483"}],"wp:featuredmedia":[{"embeddable":true,"href":"https:\/\/eu.addevmaterials-aero.com\/de\/wp-json\/wp\/v2\/media\/3573"}],"wp:attachment":[{"href":"https:\/\/eu.addevmaterials-aero.com\/de\/wp-json\/wp\/v2\/media?parent=4483"}],"wp:term":[{"taxonomy":"product_brand","embeddable":true,"href":"https:\/\/eu.addevmaterials-aero.com\/de\/wp-json\/wp\/v2\/product_brand?post=4483"},{"taxonomy":"product_cat","embeddable":true,"href":"https:\/\/eu.addevmaterials-aero.com\/de\/wp-json\/wp\/v2\/product_cat?post=4483"},{"taxonomy":"product_tag","embeddable":true,"href":"https:\/\/eu.addevmaterials-aero.com\/de\/wp-json\/wp\/v2\/product_tag?post=4483"}],"curies":[{"name":"wp","href":"https:\/\/api.w.org\/{rel}","templated":true}]}}