{"id":4480,"date":"2026-02-02T17:21:52","date_gmt":"2026-02-02T17:21:52","guid":{"rendered":"https:\/\/eu.addevmaterials-aero.com\/?post_type=product&#038;p=4480"},"modified":"2026-03-02T17:31:49","modified_gmt":"2026-03-02T17:31:49","slug":"ppg-spraylat-599-y2000","status":"publish","type":"product","link":"https:\/\/eu.addevmaterials-aero.com\/de\/product\/ppg-spraylat-599-y2000\/","title":{"rendered":"PPG SPRAYLAT 599-Y2000"},"content":{"rendered":"","protected":false},"excerpt":{"rendered":"<p>Ein spritzbares metallisches Beschichtungssystem, das ein speziell formuliertes, nicht oxidierendes Kupfer als leitendes Mittel verwendet. Entwickelt f\u00fcr die Verwendung als RFI- und EMI-Abschirmung f\u00fcr Geh\u00e4use elektronischer Ger\u00e4te aus Kunststoff.<\/p>","protected":false},"featured_media":3552,"comment_status":"open","ping_status":"closed","template":"","meta":{"_acf_changed":false},"product_brand":[23],"product_cat":[29],"product_tag":[],"class_list":{"0":"post-4480","1":"product","2":"type-product","3":"status-publish","4":"has-post-thumbnail","6":"product_brand-ppg","7":"product_cat-paints-coatings","8":"pa_size-20kg","10":"first","11":"instock","12":"shipping-taxable","13":"product-type-simple"},"acf":[],"_links":{"self":[{"href":"https:\/\/eu.addevmaterials-aero.com\/de\/wp-json\/wp\/v2\/product\/4480","targetHints":{"allow":["GET"]}}],"collection":[{"href":"https:\/\/eu.addevmaterials-aero.com\/de\/wp-json\/wp\/v2\/product"}],"about":[{"href":"https:\/\/eu.addevmaterials-aero.com\/de\/wp-json\/wp\/v2\/types\/product"}],"replies":[{"embeddable":true,"href":"https:\/\/eu.addevmaterials-aero.com\/de\/wp-json\/wp\/v2\/comments?post=4480"}],"wp:featuredmedia":[{"embeddable":true,"href":"https:\/\/eu.addevmaterials-aero.com\/de\/wp-json\/wp\/v2\/media\/3552"}],"wp:attachment":[{"href":"https:\/\/eu.addevmaterials-aero.com\/de\/wp-json\/wp\/v2\/media?parent=4480"}],"wp:term":[{"taxonomy":"product_brand","embeddable":true,"href":"https:\/\/eu.addevmaterials-aero.com\/de\/wp-json\/wp\/v2\/product_brand?post=4480"},{"taxonomy":"product_cat","embeddable":true,"href":"https:\/\/eu.addevmaterials-aero.com\/de\/wp-json\/wp\/v2\/product_cat?post=4480"},{"taxonomy":"product_tag","embeddable":true,"href":"https:\/\/eu.addevmaterials-aero.com\/de\/wp-json\/wp\/v2\/product_tag?post=4480"}],"curies":[{"name":"wp","href":"https:\/\/api.w.org\/{rel}","templated":true}]}}