{"id":4456,"date":"2026-02-02T17:21:39","date_gmt":"2026-02-02T17:21:39","guid":{"rendered":"https:\/\/eu.addevmaterials-aero.com\/?post_type=product&#038;p=4456"},"modified":"2026-03-02T17:31:42","modified_gmt":"2026-03-02T17:31:42","slug":"ppg-desothane-hs-ca9100","status":"publish","type":"product","link":"https:\/\/eu.addevmaterials-aero.com\/de\/product\/ppg-desothane-hs-ca9100\/","title":{"rendered":"PPG Desothane HS CA9100"},"content":{"rendered":"","protected":false},"excerpt":{"rendered":"<p>Eine Polyurethan-Deckbeschichtung, die ein hohes Ma\u00df an Abriebfestigkeit bietet. Vorgesehen f\u00fcr die Verwendung auf Oberfl\u00e4chen, bei denen aufgrund des Kontakts mit beweglichen Teilen ein hohes Abriebrisiko besteht.<\/p>","protected":false},"featured_media":3552,"comment_status":"open","ping_status":"closed","template":"","meta":{"_acf_changed":false},"product_brand":[23],"product_cat":[29],"product_tag":[],"class_list":{"0":"post-4456","1":"product","2":"type-product","3":"status-publish","4":"has-post-thumbnail","6":"product_brand-ppg","7":"product_cat-paints-coatings","8":"pa_colour-grey","9":"pa_colour-white","10":"pa_size-100g","11":"pa_size-5l","13":"first","14":"instock","15":"shipping-taxable","16":"product-type-simple"},"acf":[],"_links":{"self":[{"href":"https:\/\/eu.addevmaterials-aero.com\/de\/wp-json\/wp\/v2\/product\/4456","targetHints":{"allow":["GET"]}}],"collection":[{"href":"https:\/\/eu.addevmaterials-aero.com\/de\/wp-json\/wp\/v2\/product"}],"about":[{"href":"https:\/\/eu.addevmaterials-aero.com\/de\/wp-json\/wp\/v2\/types\/product"}],"replies":[{"embeddable":true,"href":"https:\/\/eu.addevmaterials-aero.com\/de\/wp-json\/wp\/v2\/comments?post=4456"}],"wp:featuredmedia":[{"embeddable":true,"href":"https:\/\/eu.addevmaterials-aero.com\/de\/wp-json\/wp\/v2\/media\/3552"}],"wp:attachment":[{"href":"https:\/\/eu.addevmaterials-aero.com\/de\/wp-json\/wp\/v2\/media?parent=4456"}],"wp:term":[{"taxonomy":"product_brand","embeddable":true,"href":"https:\/\/eu.addevmaterials-aero.com\/de\/wp-json\/wp\/v2\/product_brand?post=4456"},{"taxonomy":"product_cat","embeddable":true,"href":"https:\/\/eu.addevmaterials-aero.com\/de\/wp-json\/wp\/v2\/product_cat?post=4456"},{"taxonomy":"product_tag","embeddable":true,"href":"https:\/\/eu.addevmaterials-aero.com\/de\/wp-json\/wp\/v2\/product_tag?post=4456"}],"curies":[{"name":"wp","href":"https:\/\/api.w.org\/{rel}","templated":true}]}}