{"id":4443,"date":"2026-02-02T17:21:38","date_gmt":"2026-02-02T17:21:38","guid":{"rendered":"https:\/\/eu.addevmaterials-aero.com\/?post_type=product&#038;p=4443"},"modified":"2026-03-02T17:31:40","modified_gmt":"2026-03-02T17:31:40","slug":"hentzen-pg-21-ph-63","status":"publish","type":"product","link":"https:\/\/eu.addevmaterials-aero.com\/de\/product\/hentzen-pg-21-ph-63\/","title":{"rendered":"Hentzen PG-21\/PH-63"},"content":{"rendered":"","protected":false},"excerpt":{"rendered":"<p>Ein gl\u00e4nzender Polyurethan-Decklack, der f\u00fcr die Verwendung auf Flugzeuginnenteilen und -ausr\u00fcstungen entwickelt wurde.<\/p>","protected":false},"featured_media":3550,"comment_status":"open","ping_status":"closed","template":"","meta":{"_acf_changed":false},"product_brand":[81],"product_cat":[29],"product_tag":[],"class_list":{"0":"post-4443","1":"product","2":"type-product","3":"status-publish","4":"has-post-thumbnail","6":"product_brand-hentzen","7":"product_cat-paints-coatings","8":"pa_colour-clear","9":"pa_colour-green","10":"pa_size-2usg","11":"pa_size-50ml","13":"first","14":"instock","15":"shipping-taxable","16":"product-type-simple"},"acf":[],"_links":{"self":[{"href":"https:\/\/eu.addevmaterials-aero.com\/de\/wp-json\/wp\/v2\/product\/4443","targetHints":{"allow":["GET"]}}],"collection":[{"href":"https:\/\/eu.addevmaterials-aero.com\/de\/wp-json\/wp\/v2\/product"}],"about":[{"href":"https:\/\/eu.addevmaterials-aero.com\/de\/wp-json\/wp\/v2\/types\/product"}],"replies":[{"embeddable":true,"href":"https:\/\/eu.addevmaterials-aero.com\/de\/wp-json\/wp\/v2\/comments?post=4443"}],"wp:featuredmedia":[{"embeddable":true,"href":"https:\/\/eu.addevmaterials-aero.com\/de\/wp-json\/wp\/v2\/media\/3550"}],"wp:attachment":[{"href":"https:\/\/eu.addevmaterials-aero.com\/de\/wp-json\/wp\/v2\/media?parent=4443"}],"wp:term":[{"taxonomy":"product_brand","embeddable":true,"href":"https:\/\/eu.addevmaterials-aero.com\/de\/wp-json\/wp\/v2\/product_brand?post=4443"},{"taxonomy":"product_cat","embeddable":true,"href":"https:\/\/eu.addevmaterials-aero.com\/de\/wp-json\/wp\/v2\/product_cat?post=4443"},{"taxonomy":"product_tag","embeddable":true,"href":"https:\/\/eu.addevmaterials-aero.com\/de\/wp-json\/wp\/v2\/product_tag?post=4443"}],"curies":[{"name":"wp","href":"https:\/\/api.w.org\/{rel}","templated":true}]}}