{"id":4431,"date":"2026-02-02T17:21:27","date_gmt":"2026-02-02T17:21:27","guid":{"rendered":"https:\/\/eu.addevmaterials-aero.com\/?post_type=product&#038;p=4431"},"modified":"2026-03-02T17:31:35","modified_gmt":"2026-03-02T17:31:35","slug":"sherwin-williams-spritzbare-punktuelle-grundierung-reduzierer-cm0110722","status":"publish","type":"product","link":"https:\/\/eu.addevmaterials-aero.com\/de\/product\/sherwin-williams-sprayable-spot-primer-reducer-cm0110722\/","title":{"rendered":"Sherwin-Williams Spr\u00fchbarer Spot Primer Reducer (CM0110722)"},"content":{"rendered":"","protected":false},"excerpt":{"rendered":"<p>Ein Verd\u00fcnnungsmittel f\u00fcr Spread n\u2019 Spray Spot Primer (CM0480922)<\/p>","protected":false},"featured_media":3541,"comment_status":"open","ping_status":"closed","template":"","meta":{"_acf_changed":false},"product_brand":[80],"product_cat":[29],"product_tag":[],"class_list":{"0":"post-4431","1":"product","2":"type-product","3":"status-publish","4":"has-post-thumbnail","6":"product_brand-sherwin-williams","7":"product_cat-paints-coatings","8":"pa_size-0-95l","10":"first","11":"instock","12":"shipping-taxable","13":"product-type-simple"},"acf":[],"_links":{"self":[{"href":"https:\/\/eu.addevmaterials-aero.com\/de\/wp-json\/wp\/v2\/product\/4431","targetHints":{"allow":["GET"]}}],"collection":[{"href":"https:\/\/eu.addevmaterials-aero.com\/de\/wp-json\/wp\/v2\/product"}],"about":[{"href":"https:\/\/eu.addevmaterials-aero.com\/de\/wp-json\/wp\/v2\/types\/product"}],"replies":[{"embeddable":true,"href":"https:\/\/eu.addevmaterials-aero.com\/de\/wp-json\/wp\/v2\/comments?post=4431"}],"wp:featuredmedia":[{"embeddable":true,"href":"https:\/\/eu.addevmaterials-aero.com\/de\/wp-json\/wp\/v2\/media\/3541"}],"wp:attachment":[{"href":"https:\/\/eu.addevmaterials-aero.com\/de\/wp-json\/wp\/v2\/media?parent=4431"}],"wp:term":[{"taxonomy":"product_brand","embeddable":true,"href":"https:\/\/eu.addevmaterials-aero.com\/de\/wp-json\/wp\/v2\/product_brand?post=4431"},{"taxonomy":"product_cat","embeddable":true,"href":"https:\/\/eu.addevmaterials-aero.com\/de\/wp-json\/wp\/v2\/product_cat?post=4431"},{"taxonomy":"product_tag","embeddable":true,"href":"https:\/\/eu.addevmaterials-aero.com\/de\/wp-json\/wp\/v2\/product_tag?post=4431"}],"curies":[{"name":"wp","href":"https:\/\/api.w.org\/{rel}","templated":true}]}}