{"id":4398,"date":"2026-02-02T17:21:13","date_gmt":"2026-02-02T17:21:13","guid":{"rendered":"https:\/\/eu.addevmaterials-aero.com\/?post_type=product&#038;p=4398"},"modified":"2026-03-02T17:31:27","modified_gmt":"2026-03-02T17:31:27","slug":"ppg-desothane-hs-ca8351","status":"publish","type":"product","link":"https:\/\/eu.addevmaterials-aero.com\/de\/product\/ppg-desothane-hs-ca8351\/","title":{"rendered":"PPG Desothane HS CA8351"},"content":{"rendered":"","protected":false},"excerpt":{"rendered":"<p>Ein hochbest\u00e4ndiger Polyurethan-Decklack, der sowohl f\u00fcr die Innenbeschichtung von Flugzeugbauteilen als auch f\u00fcr die Au\u00dfenbeschichtung von Milit\u00e4rflugzeugen und landgest\u00fctzten Verteidigungsanlagen geeignet ist.<\/p>","protected":false},"featured_media":3524,"comment_status":"open","ping_status":"closed","template":"","meta":{"_acf_changed":false},"product_brand":[23],"product_cat":[29],"product_tag":[],"class_list":{"0":"post-4398","1":"product","2":"type-product","3":"status-publish","4":"has-post-thumbnail","6":"product_brand-ppg","7":"product_cat-paints-coatings","8":"pa_colour-black","9":"pa_colour-blue","10":"pa_colour-gold","11":"pa_colour-green","12":"pa_colour-grey","13":"pa_colour-orange","14":"pa_colour-red","15":"pa_colour-white","16":"pa_colour-yellow","17":"pa_size-3l","18":"pa_size-4l","20":"first","21":"instock","22":"shipping-taxable","23":"product-type-simple"},"acf":[],"_links":{"self":[{"href":"https:\/\/eu.addevmaterials-aero.com\/de\/wp-json\/wp\/v2\/product\/4398","targetHints":{"allow":["GET"]}}],"collection":[{"href":"https:\/\/eu.addevmaterials-aero.com\/de\/wp-json\/wp\/v2\/product"}],"about":[{"href":"https:\/\/eu.addevmaterials-aero.com\/de\/wp-json\/wp\/v2\/types\/product"}],"replies":[{"embeddable":true,"href":"https:\/\/eu.addevmaterials-aero.com\/de\/wp-json\/wp\/v2\/comments?post=4398"}],"wp:featuredmedia":[{"embeddable":true,"href":"https:\/\/eu.addevmaterials-aero.com\/de\/wp-json\/wp\/v2\/media\/3524"}],"wp:attachment":[{"href":"https:\/\/eu.addevmaterials-aero.com\/de\/wp-json\/wp\/v2\/media?parent=4398"}],"wp:term":[{"taxonomy":"product_brand","embeddable":true,"href":"https:\/\/eu.addevmaterials-aero.com\/de\/wp-json\/wp\/v2\/product_brand?post=4398"},{"taxonomy":"product_cat","embeddable":true,"href":"https:\/\/eu.addevmaterials-aero.com\/de\/wp-json\/wp\/v2\/product_cat?post=4398"},{"taxonomy":"product_tag","embeddable":true,"href":"https:\/\/eu.addevmaterials-aero.com\/de\/wp-json\/wp\/v2\/product_tag?post=4398"}],"curies":[{"name":"wp","href":"https:\/\/api.w.org\/{rel}","templated":true}]}}