{"id":4366,"date":"2026-02-02T17:20:59","date_gmt":"2026-02-02T17:20:59","guid":{"rendered":"https:\/\/eu.addevmaterials-aero.com\/?post_type=product&#038;p=4366"},"modified":"2026-03-02T17:31:18","modified_gmt":"2026-03-02T17:31:18","slug":"socomore-satwipes-c86-diestone-dls","status":"publish","type":"product","link":"https:\/\/eu.addevmaterials-aero.com\/de\/product\/socomore-satwipes-c86-diestone-dls\/","title":{"rendered":"Socomore SATWIPES C86 DIESTONE DLS"},"content":{"rendered":"","protected":false},"excerpt":{"rendered":"<p>Leistungsstarker Mehrzweck-L\u00f6sungsmittelreiniger mit kontrollierter Fl\u00fcchtigkeit f\u00fcr die Oberfl\u00e4chenvorbereitung vor dem Auftragen von Farben, Klebern und Dichtstoffen. DIESTONE DLS ist eine L\u00f6sungsmittelzusammensetzung mit kontrollierter Fl\u00fcchtigkeit und schwachem Geruch. Es ist frei von Chlorinaten<\/p>","protected":false},"featured_media":3082,"comment_status":"open","ping_status":"closed","template":"","meta":{"_acf_changed":false},"product_brand":[72],"product_cat":[30],"product_tag":[],"class_list":{"0":"post-4366","1":"product","2":"type-product","3":"status-publish","4":"has-post-thumbnail","6":"product_brand-socomore","7":"product_cat-cleaners-solvents","8":"pa_size-15cm-x-11-5cm","9":"pa_size-15cm-x-23cm","10":"pa_size-23cm-x-28cm","11":"pa_size-jumbo-350s","12":"pa_size-medium-80s","13":"pa_size-small-160s","15":"first","16":"instock","17":"shipping-taxable","18":"product-type-simple"},"acf":[],"_links":{"self":[{"href":"https:\/\/eu.addevmaterials-aero.com\/de\/wp-json\/wp\/v2\/product\/4366","targetHints":{"allow":["GET"]}}],"collection":[{"href":"https:\/\/eu.addevmaterials-aero.com\/de\/wp-json\/wp\/v2\/product"}],"about":[{"href":"https:\/\/eu.addevmaterials-aero.com\/de\/wp-json\/wp\/v2\/types\/product"}],"replies":[{"embeddable":true,"href":"https:\/\/eu.addevmaterials-aero.com\/de\/wp-json\/wp\/v2\/comments?post=4366"}],"wp:featuredmedia":[{"embeddable":true,"href":"https:\/\/eu.addevmaterials-aero.com\/de\/wp-json\/wp\/v2\/media\/3082"}],"wp:attachment":[{"href":"https:\/\/eu.addevmaterials-aero.com\/de\/wp-json\/wp\/v2\/media?parent=4366"}],"wp:term":[{"taxonomy":"product_brand","embeddable":true,"href":"https:\/\/eu.addevmaterials-aero.com\/de\/wp-json\/wp\/v2\/product_brand?post=4366"},{"taxonomy":"product_cat","embeddable":true,"href":"https:\/\/eu.addevmaterials-aero.com\/de\/wp-json\/wp\/v2\/product_cat?post=4366"},{"taxonomy":"product_tag","embeddable":true,"href":"https:\/\/eu.addevmaterials-aero.com\/de\/wp-json\/wp\/v2\/product_tag?post=4366"}],"curies":[{"name":"wp","href":"https:\/\/api.w.org\/{rel}","templated":true}]}}