{"id":4049,"date":"2026-01-29T15:13:10","date_gmt":"2026-01-29T15:13:10","guid":{"rendered":"https:\/\/eu.addevmaterials-aero.com\/?page_id=4049"},"modified":"2026-01-29T15:16:30","modified_gmt":"2026-01-29T15:16:30","slug":"rechtliche-hinweise","status":"publish","type":"page","link":"https:\/\/eu.addevmaterials-aero.com\/de\/legal-notices\/","title":{"rendered":"LEGAL NOTICES"},"content":{"rendered":"<div data-elementor-type=\"wp-page\" data-elementor-id=\"4049\" class=\"elementor elementor-4049\" data-elementor-post-type=\"page\">\n\t\t\t\t<div class=\"elementor-element elementor-element-6f64e90a e-flex e-con-boxed e-con e-parent\" data-id=\"6f64e90a\" data-element_type=\"container\" data-e-type=\"container\">\n\t\t\t\t\t<div class=\"e-con-inner\">\n\t\t\t\t<div class=\"elementor-element elementor-element-5d56253b elementor-widget elementor-widget-text-editor\" data-id=\"5d56253b\" data-element_type=\"widget\" data-e-type=\"widget\" data-widget_type=\"text-editor.default\">\n\t\t\t\t\t\t\t\t\t\n<p>In Kraft<\/p>\n\n\n\n<p>Gem\u00e4\u00df den Artikeln 6-III und 19 des franz\u00f6sischen Gesetzes Nr. 2004-575 vom 21. Juni 2004 \u00fcber das Vertrauen in die digitale Wirtschaft (LCEN) werden die Nutzer der Website <strong>eu.addevmaterials-aero.com<\/strong> werden hiermit \u00fcber den vorliegenden rechtlichen Hinweis informiert.<\/p>\n\n\n\n<hr class=\"wp-block-separator has-alpha-channel-opacity\"\/>\n\n\n\n<h2 class=\"wp-block-heading\">ARTIKEL 1 - HERAUSGEBER<\/h2>\n\n\n\n<p>Die Website <strong>eu.addevmaterials-aero.com<\/strong> wird ver\u00f6ffentlicht von:<\/p>\n\n\n\n<p><strong>ADDEV Werkstoffe SAS<\/strong><br>Eine vereinfachte Aktiengesellschaft (SAS) mit einem Grundkapital von <strong>\u20ac38,322,519<\/strong><br>Eingetragen im Handels- und Gesellschaftsregister (RCS) von <strong>Lyon<\/strong> unter Nummer <strong>820 724 508<\/strong><\/p>\n\n\n\n<p>Eingetragener Sitz:<br><strong>30 quai Perrache, 69002 Lyon, Frankreich<\/strong><\/p>\n\n\n\n<p>Telefon:<br><strong>+33 (0)4 72 11 35 00<\/strong><\/p>\n\n\n\n<p>E-Mail Adresse:<br><strong><a>contact@addevmaterials.com<\/a><\/strong><\/p>\n\n\n\n<p>EU-Mehrwertsteuernummer:<br><strong>FR32820724508<\/strong><\/p>\n\n\n\n<p>Direktor der Ver\u00f6ffentlichung:<br><strong>Marie BLANCHARD-BRUNEL<\/strong>, in der Eigenschaft als gesetzlicher Vertreter.<\/p>\n\n\n\n<hr class=\"wp-block-separator has-alpha-channel-opacity\"\/>\n\n\n\n<h2 class=\"wp-block-heading\">ARTIKEL 2 - HOSTING<\/h2>\n\n\n\n<p>Die Website wird gehostet von:<\/p>\n\n\n\n<p><strong>Infomaniak Netzwerk SA<\/strong><br>Rue Eug\u00e8ne-Marziano 25<br>1227 Les Acacias<br>Genf, Schweiz<\/p>\n\n\n\n<p>Telefon:<br><strong>+41 22 820 35 44<\/strong><\/p>\n\n\n\n<p>Website:<br><strong><a href=\"https:\/\/www.infomaniak.com\" target=\"_blank\" rel=\"noopener\">https:\/\/www.infomaniak.com<\/a><\/strong><\/p>\n\n\n\n<hr class=\"wp-block-separator has-alpha-channel-opacity\"\/>\n\n\n\n<h2 class=\"wp-block-heading\">ARTIKEL 3 - ZUGANG ZUR WEBSITE<\/h2>\n\n\n\n<p>Die Website ist rund um die Uhr zug\u00e4nglich, au\u00dfer im Falle h\u00f6herer Gewalt, planm\u00e4\u00dfiger oder au\u00dferplanm\u00e4\u00dfiger Unterbrechungen oder Wartungsarbeiten.<\/p>\n\n\n\n<p>Der Herausgeber haftet nicht f\u00fcr Unterbrechungen, Aussetzungen oder Fehlfunktionen der Website, unabh\u00e4ngig von der Ursache.<\/p>\n\n\n\n<hr class=\"wp-block-separator has-alpha-channel-opacity\"\/>\n\n\n\n<h2 class=\"wp-block-heading\">ARTIKEL 4 - GEISTIGES EIGENTUM<\/h2>\n\n\n\n<p>Alle auf der Website verf\u00fcgbaren Inhalte <strong>eu.addevmaterials-aero.com<\/strong>, einschlie\u00dflich, aber nicht beschr\u00e4nkt auf Texte, Bilder, Grafiken, Logos, Icons, Videos, technische Dokumente und Datenbanken, sind durch die Gesetze zum Schutz des geistigen Eigentums gesch\u00fctzt und bleiben das ausschlie\u00dfliche Eigentum von ADDEV Materials SAS oder seiner Partner.<\/p>\n\n\n\n<p>Jegliche Vervielf\u00e4ltigung, Darstellung, \u00c4nderung, Ver\u00f6ffentlichung oder Anpassung, ganz oder teilweise, dieser Elemente, mit welchen Mitteln oder Verfahren auch immer, ist ohne vorherige schriftliche Genehmigung von ADDEV Materials SAS verboten.<\/p>\n\n\n\n<hr class=\"wp-block-separator has-alpha-channel-opacity\"\/>\n\n\n\n<h2 class=\"wp-block-heading\">ARTIKEL 5 - HAFTUNG<\/h2>\n\n\n\n<p>ADDEV Materials SAS ist bestrebt, die Richtigkeit und Aktualit\u00e4t der auf der Website ver\u00f6ffentlichten Informationen zu gew\u00e4hrleisten. Der Herausgeber kann jedoch nicht haftbar gemacht werden f\u00fcr:<\/p>\n\n\n\n<ul class=\"wp-block-list\">\n<li>etwaige Fehler oder Auslassungen,<\/li>\n\n\n\n<li>die vor\u00fcbergehende Nichtverf\u00fcgbarkeit der Website,<\/li>\n\n\n\n<li>direkte oder indirekte Sch\u00e4den, die sich aus dem Zugang zu oder der Nutzung der Website ergeben.<\/li>\n<\/ul>\n\n\n\n<hr class=\"wp-block-separator has-alpha-channel-opacity\"\/>\n\n\n\n<h2 class=\"wp-block-heading\">ARTIKEL 6 - ANWENDBARES RECHT UND GERICHTSBARKEIT<\/h2>\n\n\n\n<p>Die vorliegenden rechtlichen Hinweise unterliegen dem franz\u00f6sischen Recht.<br>Im Falle eines Rechtsstreits und in Ermangelung einer g\u00fctlichen Einigung sind die Gerichte zust\u00e4ndig, die f\u00fcr den Sitz von ADDEV Materials SAS zust\u00e4ndig sind.<\/p>\n\n\n\n<hr class=\"wp-block-separator has-alpha-channel-opacity\"\/>\n\n\n\n<h2 class=\"wp-block-heading\">UPDATE<\/h2>\n\n\n\n<p>Diese rechtlichen Hinweise k\u00f6nnen jederzeit ge\u00e4ndert werden, um die Einhaltung der geltenden Rechtsvorschriften zu gew\u00e4hrleisten.<\/p>\n\n\n\n<p><\/p>\n\t\t\t\t\t\t\t\t<\/div>\n\t\t\t\t\t<\/div>\n\t\t\t\t<\/div>\n\t\t\t\t<\/div>","protected":false},"excerpt":{"rendered":"<p>In force In accordance with Articles 6-III and 19 of French Law No. 2004-575 of 21 June 2004 for Confidence in the Digital Economy (LCEN), users of the website eu.addevmaterials-aero.com are hereby informed of the present legal notice. ARTICLE 1 \u2013 PUBLISHER The website eu.addevmaterials-aero.com is published by: ADDEV Materials SASA simplified joint-stock company (SAS) [&hellip;]<\/p>\n","protected":false},"author":3,"featured_media":0,"parent":0,"menu_order":0,"comment_status":"closed","ping_status":"closed","template":"","meta":{"_acf_changed":false,"footnotes":""},"class_list":["post-4049","page","type-page","status-publish","hentry"],"acf":[],"_links":{"self":[{"href":"https:\/\/eu.addevmaterials-aero.com\/de\/wp-json\/wp\/v2\/pages\/4049","targetHints":{"allow":["GET"]}}],"collection":[{"href":"https:\/\/eu.addevmaterials-aero.com\/de\/wp-json\/wp\/v2\/pages"}],"about":[{"href":"https:\/\/eu.addevmaterials-aero.com\/de\/wp-json\/wp\/v2\/types\/page"}],"author":[{"embeddable":true,"href":"https:\/\/eu.addevmaterials-aero.com\/de\/wp-json\/wp\/v2\/users\/3"}],"replies":[{"embeddable":true,"href":"https:\/\/eu.addevmaterials-aero.com\/de\/wp-json\/wp\/v2\/comments?post=4049"}],"version-history":[{"count":4,"href":"https:\/\/eu.addevmaterials-aero.com\/de\/wp-json\/wp\/v2\/pages\/4049\/revisions"}],"predecessor-version":[{"id":4054,"href":"https:\/\/eu.addevmaterials-aero.com\/de\/wp-json\/wp\/v2\/pages\/4049\/revisions\/4054"}],"wp:attachment":[{"href":"https:\/\/eu.addevmaterials-aero.com\/de\/wp-json\/wp\/v2\/media?parent=4049"}],"curies":[{"name":"wp","href":"https:\/\/api.w.org\/{rel}","templated":true}]}}